{"id":2471,"date":"2019-04-16T13:16:45","date_gmt":"2019-04-16T11:16:45","guid":{"rendered":"https:\/\/www.hotelgoldclub.eu\/?page_id=2471"},"modified":"2020-03-10T23:59:58","modified_gmt":"2020-03-10T21:59:58","slug":"grill","status":"publish","type":"page","link":"https:\/\/www.hotelgoldclub.eu\/it\/grill\/","title":{"rendered":"Grill"},"content":{"rendered":"<p>[vc_row][vc_column]<div class=\"boc_spacing \" style=\"height: 220px\"><\/div>[\/vc_column][\/vc_row][vc_row][vc_column width=&#8221;1\/2&#8243;]<h2 class=\"boc_heading  al_left  boc_subheading \"  style=\"margin-bottom: 0px;margin-top: 0px;color: #1d90ba;font-size: 30px;\"><span>GRILL<\/span><\/h2>[vc_column_text]<\/p>\n<p><strong>L\u2019aria oggi \u00e8 composta per il 22% di ossigeno e per il 78% di profumo di grigliata.<\/strong><\/p>\n<p>Nella nostra offerta troverai un\u2019ampia selezione di piatti a base di carne grigliata.<\/p>\n<p>Solo carne selezionata di origine slovena da Carni Prunk grigliata esclusivamente su carbone di legno di faggio.<\/p>\n<p>Orario apertura:<br \/>\nLuned\u00ec 11.00-22.00<br \/>\nMarted\u00ec 11.00-22.00<br \/>\nMercoled\u00ec 11.00-22.00<br \/>\nGioved\u00ec 11.00-22.00<br \/>\nVenerd\u00ec 11.00-23.00<br \/>\nSabato 11.00-23.00<br \/>\nDomenica 11.00-21.00[\/vc_column_text][\/vc_column][vc_column width=&#8221;1\/2&#8243;]<div class=\"boc_divider_holder\"><div class=\"boc_divider  \"  style=\"margin-top: 20px;margin-bottom: 20px;height: 2px;background: #cccccc;\"><i class=\"icon icon-photo\"  style=\"font-size: 20px; line-height: 20px;color: #ffffff;left: 50%; transform: translateY(-50%) translateX(-50%);background-color: #1d90ba;padding: 10px;\"><\/i><\/div><\/div><div class=\"boc_spacing \" style=\"height: 10px\"><\/div>\r\n\t\t\t\t\t<!-- Image Slider -->\r\n\t\t\t\t\t<script type=\"text\/javascript\">\r\n\r\n\t\t\t\t\t\tjQuery(document).ready(function($) {\r\n\t\t\t\t\t\t\t\r\n\t\t\t\t\t\t\t\/\/ Load carousel after its images are loaded\r\n\t\t\t\t\t\t\tpreloadImages($(\"#img_slider_aa6b53ed8347a0aab59685266c1fa481 img\"), function () {\r\n\t\t\t\t\t\t\t\t\r\n\t\t\t\t\t\t\t\tvar carousel = $(\"#img_slider_aa6b53ed8347a0aab59685266c1fa481\");\r\n\t\t\t\t\t\t\t\t\r\n\t\t\t\t\t\t\t\tvar args = {\r\n\t\t\t\t\t\t\t\t\titems: \t\t\t1,\r\n\t\t\t\t\t\t\t\t\tmouseDrag:\t\ttrue,\r\n\t\t\t\t\t\t\t\t\tautoplay:\t\ttrue,\r\n\t\t\t\t\t\t\t\t\tautoplayTimeout:6000,\r\n\t\t\t\t\t\t\t\t\tnav: \t\t\ttrue,\r\n\t\t\t\t\t\t\t\t\tdots: \t\t\tfalse,\r\n\t\t\t\t\t\t\t\t\tloop: \t\t\ttrue,\r\n\t\t\t\t\t\t\t\t\tautoHeight: \tfalse,\r\n\t\t\t\t\t\t\t\t\tsmartSpeed:\t\t250,\r\n\t\t\t\t\t\t\tnavText:\t\t\t[\"<span class='icon icon-arrow-left8'><\/span>\",\"<span class='icon icon-uniE708'><\/span>\"],\r\n\t\t\t\t\t\t\t\t\tslideBy: \t\t1,\r\n\t\t\t\t\t\t\t\t\tnavRewind: \t\tfalse,\r\n\t\t\t\t\t\t\t\t\trtl: \t\t\tfalse,\r\n\t\t\t\t\t\t\t\t\tonInitialized:  \tshowCarousel_aa6b53ed8347a0aab59685266c1fa481,\r\n\t\t\t\t\t\t\t\t\t\r\n\t\t\t\t\t\t\t\t};\r\n\t\t\t\t\t\t\t\t\r\n\t\t\t\t\t\t\t\tcarousel.owlCarousel(args);\r\n\r\n\t\t\t\t\t\t\t\tvar initital_width = carousel.css(\"width\");\t\t\r\n\t\t\t\t\t\t\t\t\r\n\t\t\t\t\t\t\t\t\/* Refresh it for full width rows *\/\r\n\t\t\t\t\t\t\t\t$(window).load(function(){\r\n\t\t\t\t\t\t\t\t\tif(carousel.css(\"width\") != initital_width) {\r\n\t\t\t\t\t\t\t\t\t\tcarousel.trigger(\"destroy.owl.carousel\").removeClass(\"owl-carousel owl-loaded\");\r\n\t\t\t\t\t\t\t\t\t\tcarousel.find(\".owl-stage-outer\").children().unwrap();\r\n\t\t\t\t\t\t\t\t\t\tcarousel.owlCarousel(args);\r\n\t\t\t\t\t\t\t\t\t}\r\n\t\t\t\t\t\t\t\t});\r\n\t\t\t\t\t\t\t});\r\n\t\t\t\t\t\t\t\r\n\t\t\t\t\t\t\t\r\n\t\t\t\t\t\t\t\/* Show after initialized *\/\r\n\t\t\t\t\t\t\tfunction showCarousel_aa6b53ed8347a0aab59685266c1fa481() {\r\n\t\t\t\t\t\t\t\t$(\"#img_slider_aa6b53ed8347a0aab59685266c1fa481\").fadeTo(0,1);\r\n\t\t\t\t\t\t\t\t$(\"#img_slider_aa6b53ed8347a0aab59685266c1fa481 .owl-item .boc_owl_lazy\").css(\"opacity\",\"1\");\r\n\t\t\t\t\t\t\t}\t\t\t\t\t\t\t\r\n\t\t\t\t\t\t\t\r\n\t\t\t\t\t\t\t\r\n\t\t\t\t\t\t});\r\n\r\n\t\t\t\t\t<\/script>\r\n\t\t\t\t\t<!-- Image Slider :: END --><div class=\"img_slider mfp_gallery \" id=\"img_slider_aa6b53ed8347a0aab59685266c1fa481\" style=\"opacity:0;\"><div class=\"img_slider_item boc_owl_lazy\"><img src=\"https:\/\/www.hotelgoldclub.eu\/wp-content\/uploads\/2019\/04\/svinjski-vrat1.jpg\" alt=\"\" title=\"\"\/><\/div><div class=\"img_slider_item boc_owl_lazy\"><img src=\"https:\/\/www.hotelgoldclub.eu\/wp-content\/uploads\/2019\/04\/IMG_4395-piscancja-kraca.jpg\" alt=\"\" title=\"\"\/><\/div><div class=\"img_slider_item boc_owl_lazy\"><img src=\"https:\/\/www.hotelgoldclub.eu\/wp-content\/uploads\/2019\/04\/IMG_4392-karadzordzeva-vesalica.jpg\" alt=\"\" title=\"\"\/><\/div><div class=\"img_slider_item boc_owl_lazy\"><img src=\"https:\/\/www.hotelgoldclub.eu\/wp-content\/uploads\/2019\/04\/IMG_4387.jpg\" alt=\"\" title=\"\"\/><\/div><div class=\"img_slider_item boc_owl_lazy\"><img src=\"https:\/\/www.hotelgoldclub.eu\/wp-content\/uploads\/2019\/04\/IMG_4376.jpg\" alt=\"\" title=\"\"\/><\/div><div class=\"img_slider_item boc_owl_lazy\"><img src=\"https:\/\/www.hotelgoldclub.eu\/wp-content\/uploads\/2019\/04\/IMG_4375.jpg\" alt=\"\" title=\"\"\/><\/div><div class=\"img_slider_item boc_owl_lazy\"><img src=\"https:\/\/www.hotelgoldclub.eu\/wp-content\/uploads\/2019\/04\/IMG_4368.jpg\" alt=\"\" title=\"\"\/><\/div><div class=\"img_slider_item boc_owl_lazy\"><img src=\"https:\/\/www.hotelgoldclub.eu\/wp-content\/uploads\/2019\/04\/IMG_4365-vesalica.jpg\" alt=\"\" title=\"\"\/><\/div><div class=\"img_slider_item boc_owl_lazy\"><img src=\"https:\/\/www.hotelgoldclub.eu\/wp-content\/uploads\/2019\/04\/IMG_4361.jpg\" alt=\"\" title=\"\"\/><\/div><div class=\"img_slider_item boc_owl_lazy\"><img src=\"https:\/\/www.hotelgoldclub.eu\/wp-content\/uploads\/2019\/04\/IMG_4358.jpg\" alt=\"\" title=\"\"\/><\/div><div class=\"img_slider_item boc_owl_lazy\"><img src=\"https:\/\/www.hotelgoldclub.eu\/wp-content\/uploads\/2019\/04\/IMG_4357-pohano-ljubljanski.jpg\" alt=\"\" title=\"\"\/><\/div><div class=\"img_slider_item boc_owl_lazy\"><img src=\"https:\/\/www.hotelgoldclub.eu\/wp-content\/uploads\/2019\/04\/IMG_4356-piscancja-prsa.jpg\" alt=\"\" title=\"\"\/><\/div><div class=\"img_slider_item boc_owl_lazy\"><img src=\"https:\/\/www.hotelgoldclub.eu\/wp-content\/uploads\/2019\/04\/IMG_4353.jpg\" alt=\"\" title=\"\"\/><\/div><div class=\"img_slider_item boc_owl_lazy\"><img src=\"https:\/\/www.hotelgoldclub.eu\/wp-content\/uploads\/2019\/04\/IMG_4346.jpg\" alt=\"\" title=\"\"\/><\/div><div class=\"img_slider_item boc_owl_lazy\"><img src=\"https:\/\/www.hotelgoldclub.eu\/wp-content\/uploads\/2019\/04\/IMG_4347.jpg\" alt=\"\" title=\"\"\/><\/div><\/div>[\/vc_column][\/vc_row]<\/p>\n","protected":false},"excerpt":{"rendered":"<p>[vc_row][vc_column][\/vc_column][\/vc_row][vc_row][vc_column width=&#8221;1\/2&#8243;][vc_column_text] L\u2019aria oggi \u00e8 composta per il 22% di ossigeno e per il 78% di profumo di grigliata. Nella nostra offerta troverai un\u2019ampia selezione di piatti a base di carne grigliata. Solo carne selezionata di origine slovena da Carni Prunk grigliata esclusivamente su carbone di legno di faggio. Orario apertura: Luned\u00ec 11.00-22.00 Marted\u00ec 11.00-22.00 Mercoled\u00ec 11.00-22.00 Gioved\u00ec 11.00-22.00 Venerd\u00ec<\/p>\n<div class=\"h10\"><\/div>\n<p><a class=\"more-link1\" href=\"https:\/\/www.hotelgoldclub.eu\/it\/grill\/\">Read more<\/a><\/p>\n","protected":false},"author":3,"featured_media":0,"parent":0,"menu_order":0,"comment_status":"closed","ping_status":"closed","template":"","meta":[],"translation":{"provider":"WPGlobus","version":"2.8.11","language":"it","enabled_languages":["en","sl","it"],"languages":{"en":{"title":true,"content":true,"excerpt":false},"sl":{"title":true,"content":true,"excerpt":false},"it":{"title":true,"content":true,"excerpt":false}}},"_links":{"self":[{"href":"https:\/\/www.hotelgoldclub.eu\/it\/wp-json\/wp\/v2\/pages\/2471"}],"collection":[{"href":"https:\/\/www.hotelgoldclub.eu\/it\/wp-json\/wp\/v2\/pages"}],"about":[{"href":"https:\/\/www.hotelgoldclub.eu\/it\/wp-json\/wp\/v2\/types\/page"}],"author":[{"embeddable":true,"href":"https:\/\/www.hotelgoldclub.eu\/it\/wp-json\/wp\/v2\/users\/3"}],"replies":[{"embeddable":true,"href":"https:\/\/www.hotelgoldclub.eu\/it\/wp-json\/wp\/v2\/comments?post=2471"}],"version-history":[{"count":56,"href":"https:\/\/www.hotelgoldclub.eu\/it\/wp-json\/wp\/v2\/pages\/2471\/revisions"}],"predecessor-version":[{"id":2918,"href":"https:\/\/www.hotelgoldclub.eu\/it\/wp-json\/wp\/v2\/pages\/2471\/revisions\/2918"}],"wp:attachment":[{"href":"https:\/\/www.hotelgoldclub.eu\/it\/wp-json\/wp\/v2\/media?parent=2471"}],"curies":[{"name":"wp","href":"https:\/\/api.w.org\/{rel}","templated":true}]}}