{"id":267,"date":"2018-06-07T22:44:28","date_gmt":"2018-06-07T22:44:28","guid":{"rendered":"https:\/\/staging.bestgoldbet.net\/bgbclub\/?page_id=267"},"modified":"2019-09-30T10:35:44","modified_gmt":"2019-09-30T08:35:44","slug":"hotel","status":"publish","type":"page","link":"https:\/\/www.hotelgoldclub.eu\/it\/hotel\/","title":{"rendered":"HOTEL ***"},"content":{"rendered":"<p>[vc_row][vc_column]<div class=\"boc_spacing \" style=\"height: 220px\"><\/div>[\/vc_column][\/vc_row][vc_row][vc_column]<h2 class=\"boc_heading  center  boc_subheading \"  style=\"margin-bottom: 0px;margin-top: 0px;color: #1d90ba;font-size: 30px;\"><span>HOTEL ***<strong><\/span><\/h2>[vc_column_text]<br \/>\n<\/strong><\/p>\n<p style=\"text-align: center;\"><strong>Per i suoi momenti d\u2019oro.<\/strong><\/p>\n<p style=\"text-align: left;\">L\u2019albergo \u00e8 situato nel pieno centro di Ajdov\u0161\u010dina, conosciuta nell\u2019Antichit\u00e0 per la fortificazione romana Castrum e le battaglie svoltesi nelle vicinanze. L\u2019hotel \u00e8 facilmente raggiungibile dall\u2019autostrada e vanta tre stelle ed \u00e8 in procinto di ottenere la quarta. Il nostro personale cordiale e sempre disponibile sar\u00e0 lieto di accoglierla e le garantir\u00e0 una permanenza in piena comodit\u00e0, relax e sar\u00e0 circondata dal tranquillo ambiente immerso nel verde paesaggio della valle del Vipacco. Le 36 camere e le 3 suite sono arredate in stile moderno dai colori caldi, dotate di tutti i servizi, aria condizionata, connessione Wi-Fi gratuita, televisore con grande schermo ad alta definizione ed una ricca scelta di programmi, minibar, linea telefonica diretta e vista sul centro citt\u00e0. La colazione \u00e8 inclusa nel prezzo, pagando un piccolo supplemento invece, lei potr\u00e0 godere del nostro servizio in camera. Il casin\u00f2 e la reception dell\u2019albergo sono aperti 24 ore su 24 per offrirle un servizio efficace anche se si presenta tardi o richiede qualche esigenza particolare.\u00a0Abbinando la tradizione con le esigenze moderne, l\u2019albergo \u00e8 la meta perfetta per chi viaggia per piacere o dovere.<\/p>\n<p>[\/vc_column_text]<div class=\"price_column  \"><ul><li><\/li><li style=\"padding: 8px 0 18px;\"><a\thref=\"https:\/\/www.hotelgoldclub.eu\/it\/contact-us\/\" \r\n\t\t\t\tclass=\"button  btn_large btn_bondi btn_rounded btn_gradient  \"  target='_self'><span>CLICCA QUI PER PRENOTARE<\/span><\/a><\/li><\/ul><\/div><div class=\"boc_divider_holder\"><div class=\"boc_divider  \"  style=\"margin-top: 20px;margin-bottom: 20px;height: 2px;background: #cccccc;\"><i class=\"icon icon-photo\"  style=\"font-size: 20px; line-height: 20px;color: #ffffff;left: 50%; transform: translateY(-50%) translateX(-50%);background-color: #1d90ba;padding: 10px;\"><\/i><\/div><\/div><div class=\"boc_spacing \" style=\"height: 10px\"><\/div>\r\n\t\t\t\t\t<!-- Image Slider -->\r\n\t\t\t\t\t<script type=\"text\/javascript\">\r\n\r\n\t\t\t\t\t\tjQuery(document).ready(function($) {\r\n\t\t\t\t\t\t\t\r\n\t\t\t\t\t\t\t\/\/ Load carousel after its images are loaded\r\n\t\t\t\t\t\t\tpreloadImages($(\"#img_slider_1ac8040a69b305c4dd84f08860a9fd2d img\"), function () {\r\n\t\t\t\t\t\t\t\t\r\n\t\t\t\t\t\t\t\tvar carousel = $(\"#img_slider_1ac8040a69b305c4dd84f08860a9fd2d\");\r\n\t\t\t\t\t\t\t\t\r\n\t\t\t\t\t\t\t\tvar args = {\r\n\t\t\t\t\t\t\t\t\titems: \t\t\t1,\r\n\t\t\t\t\t\t\t\t\tmouseDrag:\t\ttrue,\r\n\t\t\t\t\t\t\t\t\tautoplay:\t\ttrue,\r\n\t\t\t\t\t\t\t\t\tautoplayTimeout:6000,\r\n\t\t\t\t\t\t\t\t\tnav: \t\t\ttrue,\r\n\t\t\t\t\t\t\t\t\tdots: \t\t\tfalse,\r\n\t\t\t\t\t\t\t\t\tloop: \t\t\ttrue,\r\n\t\t\t\t\t\t\t\t\tautoHeight: \tfalse,\r\n\t\t\t\t\t\t\t\t\tsmartSpeed:\t\t250,\r\n\t\t\t\t\t\t\tnavText:\t\t\t[\"<span class='icon icon-arrow-left8'><\/span>\",\"<span class='icon icon-uniE708'><\/span>\"],\r\n\t\t\t\t\t\t\t\t\tslideBy: \t\t1,\r\n\t\t\t\t\t\t\t\t\tnavRewind: \t\tfalse,\r\n\t\t\t\t\t\t\t\t\trtl: \t\t\tfalse,\r\n\t\t\t\t\t\t\t\t\tonInitialized:  \tshowCarousel_1ac8040a69b305c4dd84f08860a9fd2d,\r\n\t\t\t\t\t\t\t\t\t\r\n\t\t\t\t\t\t\t\t};\r\n\t\t\t\t\t\t\t\t\r\n\t\t\t\t\t\t\t\tcarousel.owlCarousel(args);\r\n\r\n\t\t\t\t\t\t\t\tvar initital_width = carousel.css(\"width\");\t\t\r\n\t\t\t\t\t\t\t\t\r\n\t\t\t\t\t\t\t\t\/* Refresh it for full width rows *\/\r\n\t\t\t\t\t\t\t\t$(window).load(function(){\r\n\t\t\t\t\t\t\t\t\tif(carousel.css(\"width\") != initital_width) {\r\n\t\t\t\t\t\t\t\t\t\tcarousel.trigger(\"destroy.owl.carousel\").removeClass(\"owl-carousel owl-loaded\");\r\n\t\t\t\t\t\t\t\t\t\tcarousel.find(\".owl-stage-outer\").children().unwrap();\r\n\t\t\t\t\t\t\t\t\t\tcarousel.owlCarousel(args);\r\n\t\t\t\t\t\t\t\t\t}\r\n\t\t\t\t\t\t\t\t});\r\n\t\t\t\t\t\t\t});\r\n\t\t\t\t\t\t\t\r\n\t\t\t\t\t\t\t\r\n\t\t\t\t\t\t\t\/* Show after initialized *\/\r\n\t\t\t\t\t\t\tfunction showCarousel_1ac8040a69b305c4dd84f08860a9fd2d() {\r\n\t\t\t\t\t\t\t\t$(\"#img_slider_1ac8040a69b305c4dd84f08860a9fd2d\").fadeTo(0,1);\r\n\t\t\t\t\t\t\t\t$(\"#img_slider_1ac8040a69b305c4dd84f08860a9fd2d .owl-item .boc_owl_lazy\").css(\"opacity\",\"1\");\r\n\t\t\t\t\t\t\t}\t\t\t\t\t\t\t\r\n\t\t\t\t\t\t\t\r\n\t\t\t\t\t\t\t\r\n\t\t\t\t\t\t});\r\n\r\n\t\t\t\t\t<\/script>\r\n\t\t\t\t\t<!-- Image Slider :: END --><div class=\"img_slider mfp_gallery \" id=\"img_slider_1ac8040a69b305c4dd84f08860a9fd2d\" style=\"opacity:0;\"><div class=\"img_slider_item boc_owl_lazy\"><img src=\"https:\/\/www.hotelgoldclub.eu\/wp-content\/uploads\/2018\/06\/IMG_0002rit.jpg\" alt=\"\" title=\"\"\/><\/div><div class=\"img_slider_item boc_owl_lazy\"><img src=\"https:\/\/www.hotelgoldclub.eu\/wp-content\/uploads\/2018\/06\/IMG_0007rit.jpg\" alt=\"\" title=\"\"\/><\/div><div class=\"img_slider_item boc_owl_lazy\"><img src=\"https:\/\/www.hotelgoldclub.eu\/wp-content\/uploads\/2018\/06\/IMG_0015rit.jpg\" alt=\"\" title=\"\"\/><\/div><div class=\"img_slider_item boc_owl_lazy\"><img src=\"https:\/\/www.hotelgoldclub.eu\/wp-content\/uploads\/2018\/06\/IMG_0027rit.jpg\" alt=\"\" title=\"\"\/><\/div><div class=\"img_slider_item boc_owl_lazy\"><img src=\"https:\/\/www.hotelgoldclub.eu\/wp-content\/uploads\/2018\/06\/IMG_0053rit.jpg\" alt=\"\" title=\"\"\/><\/div><div class=\"img_slider_item boc_owl_lazy\"><img src=\"https:\/\/www.hotelgoldclub.eu\/wp-content\/uploads\/2018\/06\/IMG_0054rit.jpg\" alt=\"\" title=\"\"\/><\/div><div class=\"img_slider_item boc_owl_lazy\"><img src=\"https:\/\/www.hotelgoldclub.eu\/wp-content\/uploads\/2018\/06\/IMG_0055rit.jpg\" alt=\"\" title=\"\"\/><\/div><div class=\"img_slider_item boc_owl_lazy\"><img src=\"https:\/\/www.hotelgoldclub.eu\/wp-content\/uploads\/2018\/06\/IMG_0056rit.jpg\" alt=\"\" title=\"\"\/><\/div><div class=\"img_slider_item boc_owl_lazy\"><img src=\"https:\/\/www.hotelgoldclub.eu\/wp-content\/uploads\/2018\/06\/IMG_0057rit.jpg\" alt=\"\" title=\"\"\/><\/div><div class=\"img_slider_item boc_owl_lazy\"><img src=\"https:\/\/www.hotelgoldclub.eu\/wp-content\/uploads\/2018\/06\/IMG_0084rit.jpg\" alt=\"\" title=\"\"\/><\/div><div class=\"img_slider_item boc_owl_lazy\"><img src=\"https:\/\/www.hotelgoldclub.eu\/wp-content\/uploads\/2018\/06\/IMG_0085rit.jpg\" alt=\"\" title=\"\"\/><\/div><div class=\"img_slider_item boc_owl_lazy\"><img src=\"https:\/\/www.hotelgoldclub.eu\/wp-content\/uploads\/2018\/06\/IMG_0097rit.jpg\" alt=\"\" title=\"\"\/><\/div><div class=\"img_slider_item boc_owl_lazy\"><img src=\"https:\/\/www.hotelgoldclub.eu\/wp-content\/uploads\/2018\/06\/IMG_0109rit.jpg\" alt=\"\" title=\"\"\/><\/div><div class=\"img_slider_item boc_owl_lazy\"><img src=\"https:\/\/www.hotelgoldclub.eu\/wp-content\/uploads\/2018\/06\/IMG_0113RIT.jpg\" alt=\"\" title=\"\"\/><\/div><div class=\"img_slider_item boc_owl_lazy\"><img src=\"https:\/\/www.hotelgoldclub.eu\/wp-content\/uploads\/2018\/06\/IMG_9977rit.jpg\" alt=\"\" title=\"\"\/><\/div><div class=\"img_slider_item boc_owl_lazy\"><img src=\"https:\/\/www.hotelgoldclub.eu\/wp-content\/uploads\/2018\/06\/IMG_9998rit.jpg\" alt=\"\" title=\"\"\/><\/div><div class=\"img_slider_item boc_owl_lazy\"><img src=\"https:\/\/www.hotelgoldclub.eu\/wp-content\/uploads\/2018\/06\/IMG_9652rit.jpg\" alt=\"\" title=\"\"\/><\/div><div class=\"img_slider_item boc_owl_lazy\"><img src=\"https:\/\/www.hotelgoldclub.eu\/wp-content\/uploads\/2018\/06\/IMG_9601rit.jpg\" alt=\"\" title=\"\"\/><\/div><div class=\"img_slider_item boc_owl_lazy\"><img src=\"https:\/\/www.hotelgoldclub.eu\/wp-content\/uploads\/2018\/06\/IMG_9616rit.jpg\" alt=\"\" title=\"\"\/><\/div><div class=\"img_slider_item boc_owl_lazy\"><img src=\"https:\/\/www.hotelgoldclub.eu\/wp-content\/uploads\/2018\/06\/IMG_9630rit.jpg\" alt=\"\" title=\"\"\/><\/div><div class=\"img_slider_item boc_owl_lazy\"><img src=\"https:\/\/www.hotelgoldclub.eu\/wp-content\/uploads\/2018\/06\/IMG_9621rit.jpg\" alt=\"\" title=\"\"\/><\/div><div class=\"img_slider_item boc_owl_lazy\"><img src=\"https:\/\/www.hotelgoldclub.eu\/wp-content\/uploads\/2018\/06\/IMG_9661rit.jpg\" alt=\"\" title=\"\"\/><\/div><div class=\"img_slider_item boc_owl_lazy\"><img src=\"https:\/\/www.hotelgoldclub.eu\/wp-content\/uploads\/2018\/06\/IMG_9662rit.jpg\" alt=\"\" title=\"\"\/><\/div><div class=\"img_slider_item boc_owl_lazy\"><img src=\"https:\/\/www.hotelgoldclub.eu\/wp-content\/uploads\/2018\/06\/IMG_9822rit.jpg\" alt=\"\" title=\"\"\/><\/div><div class=\"img_slider_item boc_owl_lazy\"><img src=\"https:\/\/www.hotelgoldclub.eu\/wp-content\/uploads\/2018\/06\/IMG_9824rit.jpg\" alt=\"\" title=\"\"\/><\/div><div class=\"img_slider_item boc_owl_lazy\"><img src=\"https:\/\/www.hotelgoldclub.eu\/wp-content\/uploads\/2018\/06\/IMG_9832RIT.jpg\" alt=\"\" title=\"\"\/><\/div><div class=\"img_slider_item boc_owl_lazy\"><img src=\"https:\/\/www.hotelgoldclub.eu\/wp-content\/uploads\/2018\/06\/IMG_9603rit.jpg\" alt=\"\" title=\"\"\/><\/div><div class=\"img_slider_item boc_owl_lazy\"><img src=\"https:\/\/www.hotelgoldclub.eu\/wp-content\/uploads\/2018\/06\/IMG_9605rit.jpg\" alt=\"\" title=\"\"\/><\/div><\/div>[\/vc_column][\/vc_row][vc_row][vc_column][vc_column_text]<\/p>\n<p>[\/vc_column_text][\/vc_column][\/vc_row]<\/p>\n","protected":false},"excerpt":{"rendered":"<p>[vc_row][vc_column][\/vc_column][\/vc_row][vc_row][vc_column][vc_column_text] Per i suoi momenti d\u2019oro. L\u2019albergo \u00e8 situato nel pieno centro di Ajdov\u0161\u010dina, conosciuta nell\u2019Antichit\u00e0 per la fortificazione romana Castrum e le battaglie svoltesi nelle vicinanze. L\u2019hotel \u00e8 facilmente raggiungibile dall\u2019autostrada e vanta tre stelle ed \u00e8 in procinto di ottenere la quarta. Il nostro personale cordiale e sempre disponibile sar\u00e0 lieto di accoglierla e le garantir\u00e0 una permanenza<\/p>\n<div class=\"h10\"><\/div>\n<p><a class=\"more-link1\" href=\"https:\/\/www.hotelgoldclub.eu\/it\/hotel\/\">Read more<\/a><\/p>\n","protected":false},"author":3,"featured_media":0,"parent":0,"menu_order":0,"comment_status":"closed","ping_status":"closed","template":"","meta":[],"translation":{"provider":"WPGlobus","version":"2.8.11","language":"it","enabled_languages":["en","sl","it"],"languages":{"en":{"title":true,"content":true,"excerpt":false},"sl":{"title":true,"content":true,"excerpt":false},"it":{"title":true,"content":true,"excerpt":false}}},"_links":{"self":[{"href":"https:\/\/www.hotelgoldclub.eu\/it\/wp-json\/wp\/v2\/pages\/267"}],"collection":[{"href":"https:\/\/www.hotelgoldclub.eu\/it\/wp-json\/wp\/v2\/pages"}],"about":[{"href":"https:\/\/www.hotelgoldclub.eu\/it\/wp-json\/wp\/v2\/types\/page"}],"author":[{"embeddable":true,"href":"https:\/\/www.hotelgoldclub.eu\/it\/wp-json\/wp\/v2\/users\/3"}],"replies":[{"embeddable":true,"href":"https:\/\/www.hotelgoldclub.eu\/it\/wp-json\/wp\/v2\/comments?post=267"}],"version-history":[{"count":65,"href":"https:\/\/www.hotelgoldclub.eu\/it\/wp-json\/wp\/v2\/pages\/267\/revisions"}],"predecessor-version":[{"id":2701,"href":"https:\/\/www.hotelgoldclub.eu\/it\/wp-json\/wp\/v2\/pages\/267\/revisions\/2701"}],"wp:attachment":[{"href":"https:\/\/www.hotelgoldclub.eu\/it\/wp-json\/wp\/v2\/media?parent=267"}],"curies":[{"name":"wp","href":"https:\/\/api.w.org\/{rel}","templated":true}]}}