{"id":277,"date":"2018-06-07T22:46:28","date_gmt":"2018-06-07T22:46:28","guid":{"rendered":"https:\/\/staging.bestgoldbet.net\/bgbclub\/?page_id=277"},"modified":"2020-10-15T22:32:02","modified_gmt":"2020-10-15T20:32:02","slug":"pub-and-pizzeria","status":"publish","type":"page","link":"https:\/\/www.hotelgoldclub.eu\/it\/pub-and-pizzeria\/","title":{"rendered":"BIRRERIA E PIZZERIA"},"content":{"rendered":"<p>[vc_row][vc_column]<div class=\"boc_spacing \" style=\"height: 220px\"><\/div>[\/vc_column][\/vc_row][vc_row][vc_column width=&#8221;1\/2&#8243;]<h2 class=\"boc_heading  al_left  boc_subheading \"  style=\"margin-bottom: 0px;margin-top: 0px;color: #1d90ba;font-size: 30px;\"><span>BIRRERIA E PIZZERIA<strong><\/span><\/h2>[vc_column_text]Il nostro intento \u00e8 quello di farle vivere momenti indimenticabili, gustando del cibo semplice, genuino ed appagante, legato al territorio ed alle sue tradizioni, senza dimenticarci delle ultime tendenze. Le 30 variet\u00e0 di pizze artigianali con impasto lievitato naturalmente sono fatte a mano e preparate nel forno a legna.<br \/>\nLa birra chiara e scura di nostra produzione la conquister\u00e0 con il suo sapore particolarmente deciso e tanto amato dagli intenditori. Il personale cordiale ed amichevole sar\u00e0 pronto ad accoglierla in un ambiente tipicamente rustico, dove trover\u00e0 il giusto spazio relax, guardando le partite di calcio o altri sport con gli amici o trascorrendo in buona compagnia il pranzo e la cena con i suoi famigliari o in gruppo.<\/strong><\/p>\n<p>Per informazioni e prenotazioni:<br \/>\nTel.: +386 5 36 44 707[\/vc_column_text][vc_zigzag]<div class=\"boc_spacing \" style=\"height: 35px\"><\/div><a\thref=\"https:\/\/www.hotelgoldclub.eu\/jedilnilist\/IT.pdf\" \n\t\t\tclass=\"button btn_large btn_theme_color btn_rounded btn_gradient icon_pos_after   \"  target='_blank'><span>SFOGLIA IL MENU<\/span> <i class='icon icon-arrow-right4'><\/i> <\/a>[\/vc_column][vc_column width=&#8221;1\/2&#8243;]<div class=\"boc_divider_holder\"><div class=\"boc_divider  \"  style=\"margin-top: 20px;margin-bottom: 20px;height: 2px;background: #cccccc;\"><i class=\"icon icon-photo\"  style=\"font-size: 20px; line-height: 20px;color: #ffffff;left: 50%; transform: translateY(-50%) translateX(-50%);background-color: #1d90ba;padding: 10px;\"><\/i><\/div><\/div><div class=\"boc_spacing \" style=\"height: 10px\"><\/div>\r\n\t\t\t\t\t<!-- Image Slider -->\r\n\t\t\t\t\t<script type=\"text\/javascript\">\r\n\r\n\t\t\t\t\t\tjQuery(document).ready(function($) {\r\n\t\t\t\t\t\t\t\r\n\t\t\t\t\t\t\t\/\/ Load carousel after its images are loaded\r\n\t\t\t\t\t\t\tpreloadImages($(\"#img_slider_8e805c286d184119f8f68958ffcd73ca img\"), function () {\r\n\t\t\t\t\t\t\t\t\r\n\t\t\t\t\t\t\t\tvar carousel = $(\"#img_slider_8e805c286d184119f8f68958ffcd73ca\");\r\n\t\t\t\t\t\t\t\t\r\n\t\t\t\t\t\t\t\tvar args = {\r\n\t\t\t\t\t\t\t\t\titems: \t\t\t1,\r\n\t\t\t\t\t\t\t\t\tmouseDrag:\t\ttrue,\r\n\t\t\t\t\t\t\t\t\tautoplay:\t\ttrue,\r\n\t\t\t\t\t\t\t\t\tautoplayTimeout:6000,\r\n\t\t\t\t\t\t\t\t\tnav: \t\t\ttrue,\r\n\t\t\t\t\t\t\t\t\tdots: \t\t\tfalse,\r\n\t\t\t\t\t\t\t\t\tloop: \t\t\ttrue,\r\n\t\t\t\t\t\t\t\t\tautoHeight: \tfalse,\r\n\t\t\t\t\t\t\t\t\tsmartSpeed:\t\t250,\r\n\t\t\t\t\t\t\tnavText:\t\t\t[\"<span class='icon icon-arrow-left8'><\/span>\",\"<span class='icon icon-uniE708'><\/span>\"],\r\n\t\t\t\t\t\t\t\t\tslideBy: \t\t1,\r\n\t\t\t\t\t\t\t\t\tnavRewind: \t\tfalse,\r\n\t\t\t\t\t\t\t\t\trtl: \t\t\tfalse,\r\n\t\t\t\t\t\t\t\t\tonInitialized:  \tshowCarousel_8e805c286d184119f8f68958ffcd73ca,\r\n\t\t\t\t\t\t\t\t\t\r\n\t\t\t\t\t\t\t\t};\r\n\t\t\t\t\t\t\t\t\r\n\t\t\t\t\t\t\t\tcarousel.owlCarousel(args);\r\n\r\n\t\t\t\t\t\t\t\tvar initital_width = carousel.css(\"width\");\t\t\r\n\t\t\t\t\t\t\t\t\r\n\t\t\t\t\t\t\t\t\/* Refresh it for full width rows *\/\r\n\t\t\t\t\t\t\t\t$(window).load(function(){\r\n\t\t\t\t\t\t\t\t\tif(carousel.css(\"width\") != initital_width) {\r\n\t\t\t\t\t\t\t\t\t\tcarousel.trigger(\"destroy.owl.carousel\").removeClass(\"owl-carousel owl-loaded\");\r\n\t\t\t\t\t\t\t\t\t\tcarousel.find(\".owl-stage-outer\").children().unwrap();\r\n\t\t\t\t\t\t\t\t\t\tcarousel.owlCarousel(args);\r\n\t\t\t\t\t\t\t\t\t}\r\n\t\t\t\t\t\t\t\t});\r\n\t\t\t\t\t\t\t});\r\n\t\t\t\t\t\t\t\r\n\t\t\t\t\t\t\t\r\n\t\t\t\t\t\t\t\/* Show after initialized *\/\r\n\t\t\t\t\t\t\tfunction showCarousel_8e805c286d184119f8f68958ffcd73ca() {\r\n\t\t\t\t\t\t\t\t$(\"#img_slider_8e805c286d184119f8f68958ffcd73ca\").fadeTo(0,1);\r\n\t\t\t\t\t\t\t\t$(\"#img_slider_8e805c286d184119f8f68958ffcd73ca .owl-item .boc_owl_lazy\").css(\"opacity\",\"1\");\r\n\t\t\t\t\t\t\t}\t\t\t\t\t\t\t\r\n\t\t\t\t\t\t\t\r\n\t\t\t\t\t\t\t\r\n\t\t\t\t\t\t});\r\n\r\n\t\t\t\t\t<\/script>\r\n\t\t\t\t\t<!-- Image Slider :: END --><div class=\"img_slider mfp_gallery \" id=\"img_slider_8e805c286d184119f8f68958ffcd73ca\" style=\"opacity:0;\"><div class=\"img_slider_item boc_owl_lazy\"><img src=\"https:\/\/www.hotelgoldclub.eu\/wp-content\/uploads\/2018\/06\/dignitas00011.jpg\" alt=\"\" title=\"\"\/><\/div><div class=\"img_slider_item boc_owl_lazy\"><img src=\"https:\/\/www.hotelgoldclub.eu\/wp-content\/uploads\/2018\/06\/IMG_9721rit.jpg\" alt=\"\" title=\"\"\/><\/div><div class=\"img_slider_item boc_owl_lazy\"><img src=\"https:\/\/www.hotelgoldclub.eu\/wp-content\/uploads\/2018\/06\/IMG_9702rit.jpg\" alt=\"\" title=\"\"\/><\/div><div class=\"img_slider_item boc_owl_lazy\"><img src=\"https:\/\/www.hotelgoldclub.eu\/wp-content\/uploads\/2018\/06\/IMG_9903rit.jpg\" alt=\"\" title=\"\"\/><\/div><div class=\"img_slider_item boc_owl_lazy\"><img src=\"https:\/\/www.hotelgoldclub.eu\/wp-content\/uploads\/2018\/06\/IMG_9880rit.jpg\" alt=\"\" title=\"\"\/><\/div><\/div>[\/vc_column][\/vc_row][vc_row][vc_column][vc_column_text][\/vc_column_text][\/vc_column][\/vc_row]<\/p>\n","protected":false},"excerpt":{"rendered":"<p>[vc_row][vc_column][\/vc_column][\/vc_row][vc_row][vc_column width=&#8221;1\/2&#8243;][vc_column_text]Il nostro intento \u00e8 quello di farle vivere momenti indimenticabili, gustando del cibo semplice, genuino ed appagante, legato al territorio ed alle sue tradizioni, senza dimenticarci delle ultime tendenze. Le 30 variet\u00e0 di pizze artigianali con impasto lievitato naturalmente sono fatte a mano e preparate nel forno a legna. La birra chiara e scura di nostra produzione la conquister\u00e0<\/p>\n<div class=\"h10\"><\/div>\n<p><a class=\"more-link1\" href=\"https:\/\/www.hotelgoldclub.eu\/it\/pub-and-pizzeria\/\">Read more<\/a><\/p>\n","protected":false},"author":3,"featured_media":0,"parent":0,"menu_order":0,"comment_status":"closed","ping_status":"closed","template":"","meta":[],"translation":{"provider":"WPGlobus","version":"2.8.11","language":"it","enabled_languages":["en","sl","it"],"languages":{"en":{"title":true,"content":true,"excerpt":false},"sl":{"title":true,"content":true,"excerpt":false},"it":{"title":true,"content":true,"excerpt":false}}},"_links":{"self":[{"href":"https:\/\/www.hotelgoldclub.eu\/it\/wp-json\/wp\/v2\/pages\/277"}],"collection":[{"href":"https:\/\/www.hotelgoldclub.eu\/it\/wp-json\/wp\/v2\/pages"}],"about":[{"href":"https:\/\/www.hotelgoldclub.eu\/it\/wp-json\/wp\/v2\/types\/page"}],"author":[{"embeddable":true,"href":"https:\/\/www.hotelgoldclub.eu\/it\/wp-json\/wp\/v2\/users\/3"}],"replies":[{"embeddable":true,"href":"https:\/\/www.hotelgoldclub.eu\/it\/wp-json\/wp\/v2\/comments?post=277"}],"version-history":[{"count":31,"href":"https:\/\/www.hotelgoldclub.eu\/it\/wp-json\/wp\/v2\/pages\/277\/revisions"}],"predecessor-version":[{"id":2976,"href":"https:\/\/www.hotelgoldclub.eu\/it\/wp-json\/wp\/v2\/pages\/277\/revisions\/2976"}],"wp:attachment":[{"href":"https:\/\/www.hotelgoldclub.eu\/it\/wp-json\/wp\/v2\/media?parent=277"}],"curies":[{"name":"wp","href":"https:\/\/api.w.org\/{rel}","templated":true}]}}