{"id":286,"date":"2018-06-07T22:47:47","date_gmt":"2018-06-07T22:47:47","guid":{"rendered":"https:\/\/staging.bestgoldbet.net\/bgbclub\/?page_id=286"},"modified":"2019-01-01T23:45:37","modified_gmt":"2019-01-01T21:45:37","slug":"biotherapy","status":"publish","type":"page","link":"https:\/\/www.hotelgoldclub.eu\/it\/biotherapy\/","title":{"rendered":"BIOTERAPIA"},"content":{"rendered":"<p>[vc_row][vc_column]<div class=\"boc_spacing \" style=\"height: 220px\"><\/div>[\/vc_column][\/vc_row][vc_row][vc_column]<h2 class=\"boc_heading  al_left  boc_subheading \"  style=\"margin-bottom: 0px;margin-top: 0px;color: #1d90ba;font-size: 35px;\"><span>BIOTERAPIA<strong><\/span><\/h2><div class=\"text_box  left_border \"><div class=\"text_box_content \"><h2><\/h2>\r\n\t\t\t\t\t<p>La bioterapia, pi\u00f9 comunemente conosciuta come \u201cpranoterapia\u201d \u00e8 una pratica curativa che approfitta dell\u2019energia vitale e che in molti paesi europei gode da tempo del meritato riconoscimento. Quella vitale \u00e8 una energia di origine biologica erogata dalle mani del bioterapeuta, ovvero da colui che vanta questo particolarissimo dono. La Bioterapia \u00e8 un metodo di terapia complementare che, abbinata alla medicina tradizionale e mai usata per sostituirla, previene e cura molti disturbi e malattie. Grazie alle sue mani il bioterapeuta localizza e cura i disturbi del campo bioenergetico, offrendo al cliente un immediato miglioramento delle sue condizioni. All\u2019interno del nostro Hotel Gold Club opera la bioterapeuta Tanja Bedina Frece, titolare della licenza di bioterapeuta secondo il metodo del rinomatissimo bioterapeuta sloveno Zdenko Doman\u010di\u0107. La terapia di gruppo su prenotazione si svolge in orari prestabiliti con sedute di quattro giorni dal luned\u00ec al gioved\u00ec.<\/strong><\/p>\n<p>Per informazioni e prenotazioni:<br \/>\nBioterapeuta Tanja Bedina Frece<br \/>\nTel.: +386 31 208 463<br \/>\ne-mail: tanja@bioterapija-bedina.si<\/p>\r\n\t\t\t\t<\/div><\/div>[vc_zigzag][\/vc_column][\/vc_row][vc_row][vc_column][vc_column_text][\/vc_column_text][\/vc_column][\/vc_row]<\/p>\n","protected":false},"excerpt":{"rendered":"<p>[vc_row][vc_column][\/vc_column][\/vc_row][vc_row][vc_column][vc_zigzag][\/vc_column][\/vc_row][vc_row][vc_column][vc_column_text][\/vc_column_text][\/vc_column][\/vc_row]<\/p>\n","protected":false},"author":3,"featured_media":0,"parent":0,"menu_order":0,"comment_status":"closed","ping_status":"closed","template":"","meta":[],"translation":{"provider":"WPGlobus","version":"2.8.11","language":"it","enabled_languages":["en","sl","it"],"languages":{"en":{"title":true,"content":true,"excerpt":false},"sl":{"title":true,"content":true,"excerpt":false},"it":{"title":true,"content":true,"excerpt":false}}},"_links":{"self":[{"href":"https:\/\/www.hotelgoldclub.eu\/it\/wp-json\/wp\/v2\/pages\/286"}],"collection":[{"href":"https:\/\/www.hotelgoldclub.eu\/it\/wp-json\/wp\/v2\/pages"}],"about":[{"href":"https:\/\/www.hotelgoldclub.eu\/it\/wp-json\/wp\/v2\/types\/page"}],"author":[{"embeddable":true,"href":"https:\/\/www.hotelgoldclub.eu\/it\/wp-json\/wp\/v2\/users\/3"}],"replies":[{"embeddable":true,"href":"https:\/\/www.hotelgoldclub.eu\/it\/wp-json\/wp\/v2\/comments?post=286"}],"version-history":[{"count":22,"href":"https:\/\/www.hotelgoldclub.eu\/it\/wp-json\/wp\/v2\/pages\/286\/revisions"}],"predecessor-version":[{"id":1548,"href":"https:\/\/www.hotelgoldclub.eu\/it\/wp-json\/wp\/v2\/pages\/286\/revisions\/1548"}],"wp:attachment":[{"href":"https:\/\/www.hotelgoldclub.eu\/it\/wp-json\/wp\/v2\/media?parent=286"}],"curies":[{"name":"wp","href":"https:\/\/api.w.org\/{rel}","templated":true}]}}