{"id":601,"date":"2018-06-15T12:48:30","date_gmt":"2018-06-15T10:48:30","guid":{"rendered":"http:\/\/beta.hotelgoldclub.eu\/?page_id=601"},"modified":"2018-10-25T14:48:42","modified_gmt":"2018-10-25T12:48:42","slug":"privacy","status":"publish","type":"page","link":"https:\/\/www.hotelgoldclub.eu\/it\/privacy\/","title":{"rendered":"Privacy"},"content":{"rendered":"<p>[vc_row][vc_column]<div class=\"boc_spacing \" style=\"height: 220px\"><\/div>[\/vc_column][\/vc_row][vc_row][vc_column]<h2 class=\"boc_heading  center  boc_subheading \"  style=\"margin-bottom: 0px;margin-top: 0px;color: #1d90ba;font-size: 35px;\"><span>PRIVACY<strong><\/span><\/h2><div class=\"text_box  left_border \"><div class=\"text_box_content \"><h2><\/h2>\r\n\t\t\t\t\t<p><strong>INFORMATIVA SULLA PRIVACY<\/strong><\/strong><\/p>\n<p>Questa informativa privacy definisce le modalit\u00e0 con cui noi, Pigal d.o.o. con sede legale presso<br \/>\nGori\u0161ka cesta 25\/\u010d 5270 Ajdov\u0161\u010dina \u2013 Slovenija, in qualit\u00e0 di titolare del trattamento, raccogliamo e<br \/>\ntrattiamo i dati personali che otteniamo dai clienti e dai visitatori del nostro sito web.<br \/>\nLe modalit\u00e0 con cui trattiamo i suoi dati, le azioni da noi intraprese per proteggerli e le modalit\u00e0 con<br \/>\ncui potr\u00e0 rivedere o correggere i suoi dati sono trattate nella presente Informativa. Pertanto, la<br \/>\ninvitiamo a leggere questo documento con attenzione, in quanto contiene importanti informazioni<br \/>\nsu cosa aspettarsi in relazione alla raccolta e al trattamento dei suoi dati personali. Pu\u00f2 contattarci<br \/>\ninviando un&#8217;email all&#8217;indirizzo: info@hotelgoldclub.eu .<br \/>\nIl testo, adottato il 27 aprile 2016, \u00e8 stato pubblicato sulla Gazzetta Ufficiale Europea il 4 maggio<br \/>\n2016 ed entrato in vigore il 25 maggio dello stesso anno, ha iniziato ad avere definitivamente<br \/>\nefficacia il 25 maggio 2018.<br \/>\nPer le finalit\u00e0 di cui alla presente Informativa, agiremo in qualit\u00e0 di Titolare del Trattamento, ai<br \/>\nsensi dell&#8217;articolo 4, sezione 7 del Regolamento Europeo in materia di protezione dei dati personali<br \/>\n679\/2016 (di seguito il &#8220;GDPR&#8221;).<br \/>\nDi tanto in tanto, potremmo aggiornare l&#8217;Informativa. In tal caso, aggiorneremo anche la voce<br \/>\n&#8220;ultimo aggiornamento&#8221; in calce all&#8217;Informativa, e la informeremo comunque in anticipo di eventuali<br \/>\nmodifiche. In ogni caso, si assicuri di controllare frequentemente l&#8217;Informativa per eventuali<br \/>\naggiornamenti.<\/p>\n<p><strong>QUALI TIPOLOGIE DI DATI RACCOGLIAMO <\/strong><\/p>\n<p>I dati personali che raccogliamo da lei possono includere:<\/p>\n<ul>\n<li>informazioni da lei fornite al momento della registrazione ai nostri Servizi. Tali dati sono quelli da lei forniti quando compila dei moduli sul nostro Sito, ed includono informazioni da lei fornite al momento della registrazione al Sito, ad uno qualunque dei nostri Servizi, quali ad esempio: nome, indirizzo email, numero di telefono, data di nascita e altre informazioni richieste al fine di verificare la sua identit\u00e0;<\/li>\n<li>informazioni da lei fornite nel corso di qualsiasi corrispondenza con noi, e le documentazioni di dette corrispondenze;<\/li>\n<li>informazioni riguardo le sue preferenze ed il suo utilizzo dei nostri Servizi. Tali sono ad esempio, i dettagli delle sue visite sul nostro Sito, i dettagli delle sue caratteristiche personali e le sue preferenze ed abitudini quando utilizza i nostri Servizi.<\/li>\n<\/ul>\n<p>&nbsp;<\/p>\n<p><strong>TRATTAMENTO DEI SUOI DATI PERSONALI <\/strong><\/p>\n<p>Nel rispetto della vigente normativa sulla protezione dei dati personali, tratteremo i suoi dati, sia manualmente che con l&#8217;ausilio di strumenti elettronici, solo quando avremo una base legale per farlo. Ci\u00f2 si verifica quando il trattamento \u00e8 necessario per fornirle un Servizio in seguito alla conclusione di un contratto stipulato con lei; quando ci \u00e8 richiesto da obblighi di legge o regolamentari; quando presta il suo consenso al trattamento; quando \u00e8 nel nostro legittimo interesse trattare i suoi dati personali, a condizione che non prevalgano i suoi interessi o diritti e libert\u00e0 fondamentali. Nello specifico, tratteremo i suoi dati personali per le seguenti finalit\u00e0 e nel rispetto delle seguenti condizioni:<\/p>\n<ul>\n<li>per fornire i Servizi da lei richiesti (trattamento necessario per l&#8217;adempimento del contratto);<\/li>\n<li>per permetterci di ricevere domande e commenti da lei attraverso la sezione dedicata nel nostro Sito e per permetterci di risponderle (necessario per l&#8217;adempimento del contratto);<\/li>\n<li>per registrare telefonate e conservare comunicazioni effettuate o ricevute dal nostro dipartimento dedicato al rapporto con i clienti (Servizio Clienti), fornendo a questi assistenza e consigli per finalit\u00e0 di formazione, permettendoci cos\u00ec di migliorare il nostro servizio clienti, oltre che per finalit\u00e0 di sicurezza, in modo da identificare i soggetti nelle comunicazioni successive (necessario per finalit\u00e0 di legittimo interesse);<\/li>\n<li>per conformarci alle specifiche regolamentazioni circa la sua registrazione e per verificare l&#8217;accuratezza dei dati personali da lei forniti, compresa l&#8217;eventuale comunicazione di tali informazioni a terze parti in connessione con queste finalit\u00e0 (verr\u00e0 conservata una registrazione della ricerca, e le terze parti potranno utilizzare le informazioni per fornire assistenza ad altri soggetti nelle attivit\u00e0 di verifica) (necessario per finalit\u00e0 di legge);<\/li>\n<li>per permetterci di contattarla per finalit\u00e0 di ricerca, in modo da comprendere meglio la percezione dei nostri Servizi da parte degli utenti. Tali comunicazioni avranno finalit\u00e0 di sola ricerca, e non anche di marketing o pubblicit\u00e0. In ogni comunicazione da noi inviata, avr\u00e0 comunque la possibilit\u00e0 di effettuare l&#8217;opt-out per ricerche future per finalit\u00e0 di legittimo interesse);<\/li>\n<li>per inviarle offerte e promozioni che potrebbero interessarle, ma solo in caso lei abbia previamente prestato il suo consenso (consenso);<\/li>\n<li>La mancata, parziale o incorretta fornitura dei suoi dati per le finalit\u00e0 sopra indicate, necessarie per finalit\u00e0 di legge o per l&#8217;esecuzione del contratto sottoscritto con lei, purtroppo ci impedir\u00e0 di adempiere ai nostri obblighi contrattuali nei suoi confronti, sulla base del suddetto contratto (es. permetterle di piazzare scommesse, oppure riscuotere eventuali vincite) e non potremo fornirle i nostri Servizi, poich\u00e9 in tal caso consentire l&#8217;utilizzo di tali Servizi sarebbe in violazione dei nostri obblighi legali.<\/li>\n<\/ul>\n<p>&nbsp;<\/p>\n<p><strong>\u00a0\u00a0\u00a0\u00a0\u00a0AGGIORNAMENTO DEI DATI<\/strong><\/p>\n<ul>\n<li>\u00c9 fondamentale che i dati personali da lei forniti siano corretti; questo ci permette di conformarci agli obblighi legali e regolamentari, oltre che di fornirle i migliori Servizi possibili. Pertanto, le chiediamo di assicurarsi che i suoi dati personali siano corretti ed aggiornati.<\/li>\n<\/ul>\n<p>&nbsp;<\/p>\n<p><strong>SICUREZZA DELLE INFORMAZIONI<\/strong><\/p>\n<ul>\n<li>Ci impegniamo a proteggere i suoi dati e i nostri Servizi da accessi non autorizzati o da altre alterazioni dei suoi dati personali. Ci\u00f2 implica l&#8217;utilizzo di diverse misure di sicurezza al fine di proteggere dati conservati da noi, o da terzi per nostro conto, oltre che continue revisioni delle modalit\u00e0 di raccolta, conservazione e trattamento dei dati.<\/li>\n<li>In conformit\u00e0 con quanto previsto alla presente Informativa, ci impegniamo a trattare tutti i suoi dati personali in maniera strettamente confidenziale e ad intraprendere ogni ragionevole azione al fine di garantire la sicurezza dei suoi dati, una volta trasferiti nei nostri sistemi. Nonostante ci\u00f2, Internet non \u00e8 un mezzo sicuro, e non possiamo garantire la sicurezza di tutti i dati da lei pubblicati online. Pertanto, lei accetta i rischi nel fornire tali informazioni, e non ci potr\u00e0 ritenere responsabili per nessuna violazione dei suoi dati, a meno che ci\u00f2 non sia dovuto ad una nostra mancanza relativa all&#8217;implementazione delle adeguate misure tecniche ed organizzative.<\/li>\n<li>Se accede a siti web di terzi tramite il nostro Sito, i suoi dati personali saranno trattati in conformit\u00e0 alle loro informative privacy. Le raccomandiamo pertanto di leggere sempre dette informative prima di interagire con un nuovo sito web, e di assicurarsi di avere compreso le modalit\u00e0 di trattamento dei suoi dati personali.<\/li>\n<\/ul>\n<p>&nbsp;<\/p>\n<p>&nbsp;<\/p>\n<p><strong>I DIRITTI CONNESSI AL TRATTAMENTO DEI SUOI DATI PERSONALI<\/strong><\/p>\n<p>In relazione al trattamento dei suoi dati personali, potr\u00e0 esercitare in ogni momento i seguenti diritti:<\/p>\n<ul>\n<li>diritto di accesso ai dati personali da noi detenuti;<\/li>\n<li>diritto di ricevere i dati personali che ci ha fornito, in un formato strutturato, comunemente utilizzato e leggibile da un dispositivo automatico, ad esempio .csv (compatibile con Microsoft Excel o equivalenti) oppure .pdf (compatibile con Adobe Reader o equivalenti); ha inoltre il diritto ad avere tali dati trasferiti ad un altro titolare quando il trattamento \u00e8 basato sul suo consenso, o sul fatto che il trattamento \u00e8 necessario per la fornitura del Servizio e i dati personali sono trattati attraverso mezzi automatici;<\/li>\n<li>diritto di opporsi ad attivit\u00e0 di trattamento, inclusa la profilazione, effettuate sulla base del nostro legittimo interesse. La preghiamo di notare tuttavia che in questo caso, potremmo comunque trattare i suoi dati qualora vi siano altre basi giuridiche, oppure qualora vi siano altre cogenti motivazioni per continuare il trattamento nel nostro interesse, e posto che queste prevalgano sui suoi diritti, libert\u00e0 o interessi;<\/li>\n<li>diritto alla rettifica di dati personali inesatti;<\/li>\n<li>diritto ad avere certi dati personali cancellati quando il trattamento da parte nostra non \u00e8 pi\u00f9 necessario, quando ha revocato il consenso, quando si \u00e8 opposto al trattamento, quando i suoi dati personali sono stati trattati illecitamente, oppure quando la cancellazione dei suoi dati \u00e8 richiesta da un obbligo di legge;<\/li>\n<li>diritto a richiedere informazioni e spiegazioni delle logiche su cui basiamo le decisioni effettuate solo tramite mezzi automatizzati;<\/li>\n<li>diritto di proporre un reclamo al Garante per la Protezione dei Dati Personali, ove ne sussistano i presupposti;<\/li>\n<li>diritto a richiedere una limitazione del trattamento dei suoi dati personali quando: contesta l&#8217;accuratezza dei suoi dati, per il tempo necessario a permetterci di verificare la correttezza e l&#8217;accuratezza dei dati; il trattamento \u00e8 illegittimo, ma nonostante ci\u00f2 lei non desidera che i suoi dati vengano cancellati; i suoi dati non ci sono pi\u00f9 necessari per le finalit\u00e0 del trattamento, ma lei li richiede per stabilire, esercitare o difendere un suo diritto in giudizio, oppure quando si \u00e8 opposto al trattamento effettuato per finalit\u00e0 di legittimo interesse, in attesa delle verifiche atte ad accertare che l&#8217;Operatore abbia dei cogenti e legittimi motivi per continuare il trattamento.<\/li>\n<li>Se non \u00e8 sicuro riguardo ai suoi diritti, o per qualsiasi altro dubbio o preoccupazione su come i suoi dati vengono trattati, la invitiamo a contattare il Garante per la Protezione dei Dati Personali.<\/li>\n<li>Qualora volesse esercitare uno qualunque dei suoi diritti, potr\u00e0 farlo inviando un&#8217;email all&#8217;indirizzo <a href=\"mailto:info@hotelgoldclub.eu\">info@hotelgoldclub.eu<\/a> . La preghiamo di notare tuttavia che, nonostante il nostro impegno a cercare di soddisfare le sue specifiche richieste, questi diritti non sono diritti assoluti. Pertanto, potremmo dover rifiutare le sue richieste, oppure soddisfarle solo in parte.<\/li>\n<li>Qualora dovesse inoltrare una richiesta, in relazione ad un suo diritto, le richiederemo una prova della sua identificazione; potremo inoltre chiederle dei chiarimenti sulla richiesta. Qualora dovessimo ricevere numerose richieste ripetute oppure avessimo motivo di ritenere tali richieste irragionevoli, ci riserveremo il diritto di non rispondere.<\/li>\n<\/ul>\n<p>&nbsp;<\/p>\n<p><strong>MARKETING<\/strong><\/p>\n<ul>\n<li>Di tanto in tanto, potremmo contattarla in relazione a promozioni, prodotti o servizi a cui potrebbe essere interessato, ma solo se ha prestato il consenso a ricevere tali comunicazioni di marketing. Potr\u00e0 aggiornare le sue preferenze ed effettuare l&#8217;opt-out per le comunicazioni di marketing in ogni momento. In ogni caso, in ogni comunicazione includeremo la possibilit\u00e0 di effettuare un opt-out per comunicazioni di marketing future.<\/li>\n<li>Potremmo effettuare attivit\u00e0 di profilazione su di lei e sulle sue attivit\u00e0 in relazione ai nostri Servizi, in modo da poterle inviare comunicazioni di marketing pi\u00f9 utili e rilevanti. Se acconsente a ricevere comunicazioni di marketing diretto da parte nostra, anche per le attivit\u00e0 di vendita al dettaglio, potremmo inviarle comunicazioni di marketing diretto relativo ad offerte sia online che di vendita al dettaglio.<\/li>\n<\/ul>\n<p>&nbsp;<\/p>\n<p><strong>CONSERVAZIONE DEI SUOI DATI PERSONALI<\/strong><\/p>\n<ul>\n<li>Conserveremo i suoi dati personali per il tempo necessario per perseguire le finalit\u00e0 per cui tali dati sono stati raccolti, come descritto in questa Informativa. In ogni caso, si applicheranno i seguenti periodi di conservazione per il trattamento dei suoi dati personali per le finalit\u00e0 di seguito indicate:<\/li>\n<li>i dati raccolti per fornirle i nostri Servizi e per il perseguimento del nostro legittimo interesse, sono conservati per tutta la durata della fornitura dei Servizi.<\/li>\n<li>dati raccolti al fine di inviare comunicazioni di marketing e per svolgere sondaggi sono conservati per la durata del contratto.<\/li>\n<li>La informiamo tuttavia che, per obblighi di legge, potremmo dover conservare i suoi dati personali per un periodo di tempo pi\u00f9 lungo, anche in conformit\u00e0 ad eventuali periodi di prescrizione legale.<\/li>\n<\/ul>\n<p>&nbsp;<\/p>\n<p><strong>INDIRIZZI IP<\/strong><\/p>\n<ul>\n<li>Quando naviga, il suo browser genera ulteriori informazioni, come ad esempio la lingua in cui visualizza il sito web e il suo Internet Protocol Adress (Indirizzo IP). Un Indirizzo IP \u00e8 una stringa di numeri assegnata al suo computer durante una sessione di navigazione, nel momento in cui accede ad internet attraverso il suo Internet Service Provider o la sua rete internet (ad esempio, se accede ad internet da un computer sul posto di lavoro). Il suo Indirizzo IP \u00e8 automaticamente registrato dai nostri server, ed \u00e8 usato per raccogliere dati sul traffico di visitatori sui nostri Siti. Inoltre, utilizziamo gli Indirizzi IP per identificare eventuali problematiche con i nostri server e per gestire il nostro Sito.<\/li>\n<\/ul>\n<p>&nbsp;<\/p>\n<p><strong>COOKIES<\/strong><\/p>\n<ul>\n<li>Un cookie \u00e8 un piccolo file di testo che viene automaticamente scaricato sul suo Dispositivo quando visita un sito web, e che permette al sito di ottenere certe informazioni dal suo browser, come ad esempio le sue preferenze. I cookies ci permettono di massimizzare la sua esperienza sul sito web, aumentando le sue funzionalit\u00e0 e permettendo al sito di ricordare informazioni e preferenze sia quando si sposta da una pagina web all&#8217;altra, oppure da una sessione di navigazione all&#8217;altra (questo dipender\u00e0 dal tipo di cookie). Un cookie non danneggia il suo Dispositivo, n\u00e8 contiene virus o altri malware.<\/li>\n<li>Ogni cookie ha diverse funzionalit\u00e0. Ad esempio, alcuni potrebbero essere strettamente necessari e\/o funzionali al servizio, ricordando ad esempio le puntate selezionate mentre costruisce una scommessa oppure la sua lingua preferita. Questi cookies sono importanti, in quanto le permettono di rimanere registrato al Sito anche quando naviga all&#8217;interno dello stesso, in modo tale da non doversi nuovamente autenticare ogni volta che clicca su diverse parti del Sito. Rimuovere questi cookies avrebbe un effetto negativo sul suo utilizzo dei nostri Servizi. Altri cookies invece, hanno finalit\u00e0 analitiche o pubblicitarie: ci dicono i suoi movimenti sul Sito e ci permettono di garantirle la migliore esperienza possibile sul nostro Sito. Disabilitare tali cookies le impedisce di avere accesso a certe funzionalit\u00e0. Inoltre, utilizziamo cookies per ottenere informazioni sul suo Dispositivo (come ad esempio Indirizzi IP, tipologie di dispositivi, dati di geo localizzazione, informazioni del browser) che ci aiutano ad identificarla per finalit\u00e0 di prevenzione di frodi, per conformarci alla normativa antiriciclaggio e per rilevare attivit\u00e0 vietate che possono influenzare negativamente l&#8217;esperienza degli utenti. Riceviamo informazioni dal suo Dispositivo solo quando effettua l&#8217;accesso al suo Account. Quando utilizziamo cookies di terze parti, questi saranno soggetti a controlli pi\u00f9 stringenti, in modo da assicurare che i suoi dati personali siano protetti, in conformit\u00e0 ai requisiti della vigente normativa. Senza l&#8217;utilizzo di questi cookies, non saremmo in grado di fornirle alcun Servizio.<\/li>\n<li>Continuando ad utilizzare il nostro Sito, automaticamente acconsente all&#8217;utilizzo dei cookies.<\/li>\n<\/ul>\n<p>&nbsp;<\/p>\n<p><strong>COME CONTATTARCI<\/strong><\/p>\n<p>Qualora dovesse avere dubbi o domande riguardanti questa Informativa, potr\u00e0 contattare il nostro ufficio protezione dei dati personali attraverso l&#8217;indirizzo <a href=\"mailto:info@hotelgoldclub.eu\">info@hotelgoldclub.eu<\/a> .<\/p>\r\n\t\t\t\t<\/div><\/div>[vc_zigzag][\/vc_column][\/vc_row][vc_row][vc_column][vc_column_text][\/vc_column_text][\/vc_column][\/vc_row]<\/p>\n","protected":false},"excerpt":{"rendered":"<p>[vc_row][vc_column][\/vc_column][\/vc_row][vc_row][vc_column][vc_zigzag][\/vc_column][\/vc_row][vc_row][vc_column][vc_column_text][\/vc_column_text][\/vc_column][\/vc_row]<\/p>\n","protected":false},"author":3,"featured_media":0,"parent":0,"menu_order":0,"comment_status":"closed","ping_status":"closed","template":"","meta":[],"translation":{"provider":"WPGlobus","version":"2.8.11","language":"it","enabled_languages":["en","sl","it"],"languages":{"en":{"title":true,"content":true,"excerpt":false},"sl":{"title":true,"content":true,"excerpt":false},"it":{"title":true,"content":true,"excerpt":false}}},"_links":{"self":[{"href":"https:\/\/www.hotelgoldclub.eu\/it\/wp-json\/wp\/v2\/pages\/601"}],"collection":[{"href":"https:\/\/www.hotelgoldclub.eu\/it\/wp-json\/wp\/v2\/pages"}],"about":[{"href":"https:\/\/www.hotelgoldclub.eu\/it\/wp-json\/wp\/v2\/types\/page"}],"author":[{"embeddable":true,"href":"https:\/\/www.hotelgoldclub.eu\/it\/wp-json\/wp\/v2\/users\/3"}],"replies":[{"embeddable":true,"href":"https:\/\/www.hotelgoldclub.eu\/it\/wp-json\/wp\/v2\/comments?post=601"}],"version-history":[{"count":13,"href":"https:\/\/www.hotelgoldclub.eu\/it\/wp-json\/wp\/v2\/pages\/601\/revisions"}],"predecessor-version":[{"id":797,"href":"https:\/\/www.hotelgoldclub.eu\/it\/wp-json\/wp\/v2\/pages\/601\/revisions\/797"}],"wp:attachment":[{"href":"https:\/\/www.hotelgoldclub.eu\/it\/wp-json\/wp\/v2\/media?parent=601"}],"curies":[{"name":"wp","href":"https:\/\/api.w.org\/{rel}","templated":true}]}}