{"id":274,"date":"2018-06-07T22:45:53","date_gmt":"2018-06-07T22:45:53","guid":{"rendered":"https:\/\/staging.bestgoldbet.net\/bgbclub\/?page_id=274"},"modified":"2020-03-10T23:58:48","modified_gmt":"2020-03-10T21:58:48","slug":"restaurant","status":"publish","type":"page","link":"https:\/\/www.hotelgoldclub.eu\/sl\/restaurant\/","title":{"rendered":"RESTAVRACIJA"},"content":{"rendered":"<p>[vc_row][vc_column]<div class=\"boc_spacing \" style=\"height: 220px\"><\/div>[\/vc_column][\/vc_row][vc_row][vc_column width=&#8221;1\/2&#8243;]<h2 class=\"boc_heading  al_left  boc_subheading \"  style=\"margin-bottom: 0px;margin-top: 0px;color: #1d90ba;font-size: 30px;\"><span>RESTAVRACIJA<strong><\/span><\/h2>[vc_column_text]Iz na\u0161e kuhinje vas vsakodnevno dose\u017ee vonj pravkar pe\u010denega kruha in specialitet sredozemske kulinarike. Restavracija ponuja \u0161irok izbor morskih jedi in rib, mesnih kro\u017enikov, testenin in sve\u017ee zelenjave.<br \/>\nSkupaj s svojo ekipo vam bo na\u0161 kuharski mojster predstavil jedi harmoni\u010dnih okusov, ki obujajo zna\u010dilne okuse vipavske. Med poslovnimi kosili ali ve\u010derjo s prijatelji se lahko brezskrbno prepustite odli\u010dnosti rib, tradicionalnim jedem mediteranske kuhinje, ki se prepletajo z kra\u0161kimi okusi, ter slastnim in doma\u010dim suhomesnatim izdelkom. Prava uspe\u0161nica na\u0161e kuhinje pa so ocvrti lignji, ki jih pripravljamo po skrivnem receptu. \u0160irok nabor jedi spremljajo izbrana vina lokalne pridelave in iz bli\u017enjih Brd. Sladice, ki jih pripravlja na\u0161 sla\u0161\u010di\u010dar, so dnevno sve\u017ee in vedno okusnej\u0161e. V njih boste na\u0161li pravo mero zadovoljstva saj znajo pote\u0161iti tudi najzahtevnej\u0161e sladokusce. Naj vas premami raznolikost okusov vsake posamezne sladice ter pustite se, naj vam na\u0161e sladice nari\u0161ejo nasmeh na obrazu.\u00a0Z veseljem vas pri\u010dakujemo!<\/strong><\/p>\n<p>Informacije in rezervacije:<br \/>\nTel.: +386 (0)5 36 44 708[\/vc_column_text][\/vc_column][vc_column width=&#8221;1\/2&#8243;]<div class=\"boc_divider_holder\"><div class=\"boc_divider  \"  style=\"margin-top: 20px;margin-bottom: 20px;height: 2px;background: #cccccc;\"><i class=\"icon icon-photo\"  style=\"font-size: 20px; line-height: 20px;color: #ffffff;left: 50%; transform: translateY(-50%) translateX(-50%);background-color: #1d90ba;padding: 10px;\"><\/i><\/div><\/div><div class=\"boc_spacing \" style=\"height: 10px\"><\/div>\r\n\t\t\t\t\t<!-- Image Slider -->\r\n\t\t\t\t\t<script type=\"text\/javascript\">\r\n\r\n\t\t\t\t\t\tjQuery(document).ready(function($) {\r\n\t\t\t\t\t\t\t\r\n\t\t\t\t\t\t\t\/\/ Load carousel after its images are loaded\r\n\t\t\t\t\t\t\tpreloadImages($(\"#img_slider_1bafb89d51caec6650a54a7ab14a88d1 img\"), function () {\r\n\t\t\t\t\t\t\t\t\r\n\t\t\t\t\t\t\t\tvar carousel = $(\"#img_slider_1bafb89d51caec6650a54a7ab14a88d1\");\r\n\t\t\t\t\t\t\t\t\r\n\t\t\t\t\t\t\t\tvar args = {\r\n\t\t\t\t\t\t\t\t\titems: \t\t\t1,\r\n\t\t\t\t\t\t\t\t\tmouseDrag:\t\ttrue,\r\n\t\t\t\t\t\t\t\t\tautoplay:\t\ttrue,\r\n\t\t\t\t\t\t\t\t\tautoplayTimeout:6000,\r\n\t\t\t\t\t\t\t\t\tnav: \t\t\ttrue,\r\n\t\t\t\t\t\t\t\t\tdots: \t\t\tfalse,\r\n\t\t\t\t\t\t\t\t\tloop: \t\t\ttrue,\r\n\t\t\t\t\t\t\t\t\tautoHeight: \tfalse,\r\n\t\t\t\t\t\t\t\t\tsmartSpeed:\t\t250,\r\n\t\t\t\t\t\t\tnavText:\t\t\t[\"<span class='icon icon-arrow-left8'><\/span>\",\"<span class='icon icon-uniE708'><\/span>\"],\r\n\t\t\t\t\t\t\t\t\tslideBy: \t\t1,\r\n\t\t\t\t\t\t\t\t\tnavRewind: \t\tfalse,\r\n\t\t\t\t\t\t\t\t\trtl: \t\t\tfalse,\r\n\t\t\t\t\t\t\t\t\tonInitialized:  \tshowCarousel_1bafb89d51caec6650a54a7ab14a88d1,\r\n\t\t\t\t\t\t\t\t\t\r\n\t\t\t\t\t\t\t\t};\r\n\t\t\t\t\t\t\t\t\r\n\t\t\t\t\t\t\t\tcarousel.owlCarousel(args);\r\n\r\n\t\t\t\t\t\t\t\tvar initital_width = carousel.css(\"width\");\t\t\r\n\t\t\t\t\t\t\t\t\r\n\t\t\t\t\t\t\t\t\/* Refresh it for full width rows *\/\r\n\t\t\t\t\t\t\t\t$(window).load(function(){\r\n\t\t\t\t\t\t\t\t\tif(carousel.css(\"width\") != initital_width) {\r\n\t\t\t\t\t\t\t\t\t\tcarousel.trigger(\"destroy.owl.carousel\").removeClass(\"owl-carousel owl-loaded\");\r\n\t\t\t\t\t\t\t\t\t\tcarousel.find(\".owl-stage-outer\").children().unwrap();\r\n\t\t\t\t\t\t\t\t\t\tcarousel.owlCarousel(args);\r\n\t\t\t\t\t\t\t\t\t}\r\n\t\t\t\t\t\t\t\t});\r\n\t\t\t\t\t\t\t});\r\n\t\t\t\t\t\t\t\r\n\t\t\t\t\t\t\t\r\n\t\t\t\t\t\t\t\/* Show after initialized *\/\r\n\t\t\t\t\t\t\tfunction showCarousel_1bafb89d51caec6650a54a7ab14a88d1() {\r\n\t\t\t\t\t\t\t\t$(\"#img_slider_1bafb89d51caec6650a54a7ab14a88d1\").fadeTo(0,1);\r\n\t\t\t\t\t\t\t\t$(\"#img_slider_1bafb89d51caec6650a54a7ab14a88d1 .owl-item .boc_owl_lazy\").css(\"opacity\",\"1\");\r\n\t\t\t\t\t\t\t}\t\t\t\t\t\t\t\r\n\t\t\t\t\t\t\t\r\n\t\t\t\t\t\t\t\r\n\t\t\t\t\t\t});\r\n\r\n\t\t\t\t\t<\/script>\r\n\t\t\t\t\t<!-- Image Slider :: END --><div class=\"img_slider mfp_gallery \" id=\"img_slider_1bafb89d51caec6650a54a7ab14a88d1\" style=\"opacity:0;\"><div class=\"img_slider_item boc_owl_lazy\"><img src=\"https:\/\/www.hotelgoldclub.eu\/wp-content\/uploads\/2018\/06\/20150127-GC-Foto-Samo-Trebizan-1024-15-3.jpg\" alt=\"\" title=\"\"\/><\/div><div class=\"img_slider_item boc_owl_lazy\"><img src=\"https:\/\/www.hotelgoldclub.eu\/wp-content\/uploads\/2018\/06\/Hrana00003.jpg\" alt=\"\" title=\"\"\/><\/div><div class=\"img_slider_item boc_owl_lazy\"><img src=\"https:\/\/www.hotelgoldclub.eu\/wp-content\/uploads\/2018\/06\/Restavracija.jpg\" alt=\"\" title=\"\"\/><\/div><div class=\"img_slider_item boc_owl_lazy\"><img src=\"https:\/\/www.hotelgoldclub.eu\/wp-content\/uploads\/2018\/06\/Hrana00002.jpg\" alt=\"\" title=\"\"\/><\/div><div class=\"img_slider_item boc_owl_lazy\"><img src=\"https:\/\/www.hotelgoldclub.eu\/wp-content\/uploads\/2018\/06\/GoldClub-031.jpg\" alt=\"\" title=\"\"\/><\/div><div class=\"img_slider_item boc_owl_lazy\"><img src=\"https:\/\/www.hotelgoldclub.eu\/wp-content\/uploads\/2018\/06\/Hrana00001.jpg\" alt=\"\" title=\"\"\/><\/div><\/div>[\/vc_column][\/vc_row]<\/p>\n","protected":false},"excerpt":{"rendered":"<p>[vc_row][vc_column][\/vc_column][\/vc_row][vc_row][vc_column width=&#8221;1\/2&#8243;][vc_column_text]Iz na\u0161e kuhinje vas vsakodnevno dose\u017ee vonj pravkar pe\u010denega kruha in specialitet sredozemske kulinarike. Restavracija ponuja \u0161irok izbor morskih jedi in rib, mesnih kro\u017enikov, testenin in sve\u017ee zelenjave. Skupaj s svojo ekipo vam bo na\u0161 kuharski mojster predstavil jedi harmoni\u010dnih okusov, ki obujajo zna\u010dilne okuse vipavske. Med poslovnimi kosili ali ve\u010derjo s prijatelji se lahko brezskrbno prepustite odli\u010dnosti rib,<\/p>\n<div class=\"h10\"><\/div>\n<p><a class=\"more-link1\" href=\"https:\/\/www.hotelgoldclub.eu\/sl\/restaurant\/\">Read more<\/a><\/p>\n","protected":false},"author":3,"featured_media":0,"parent":0,"menu_order":0,"comment_status":"closed","ping_status":"closed","template":"","meta":[],"translation":{"provider":"WPGlobus","version":"2.8.11","language":"sl","enabled_languages":["en","sl","it"],"languages":{"en":{"title":true,"content":true,"excerpt":false},"sl":{"title":true,"content":true,"excerpt":false},"it":{"title":true,"content":true,"excerpt":false}}},"_links":{"self":[{"href":"https:\/\/www.hotelgoldclub.eu\/sl\/wp-json\/wp\/v2\/pages\/274"}],"collection":[{"href":"https:\/\/www.hotelgoldclub.eu\/sl\/wp-json\/wp\/v2\/pages"}],"about":[{"href":"https:\/\/www.hotelgoldclub.eu\/sl\/wp-json\/wp\/v2\/types\/page"}],"author":[{"embeddable":true,"href":"https:\/\/www.hotelgoldclub.eu\/sl\/wp-json\/wp\/v2\/users\/3"}],"replies":[{"embeddable":true,"href":"https:\/\/www.hotelgoldclub.eu\/sl\/wp-json\/wp\/v2\/comments?post=274"}],"version-history":[{"count":36,"href":"https:\/\/www.hotelgoldclub.eu\/sl\/wp-json\/wp\/v2\/pages\/274\/revisions"}],"predecessor-version":[{"id":2972,"href":"https:\/\/www.hotelgoldclub.eu\/sl\/wp-json\/wp\/v2\/pages\/274\/revisions\/2972"}],"wp:attachment":[{"href":"https:\/\/www.hotelgoldclub.eu\/sl\/wp-json\/wp\/v2\/media?parent=274"}],"curies":[{"name":"wp","href":"https:\/\/api.w.org\/{rel}","templated":true}]}}