{"id":280,"date":"2018-06-07T22:46:49","date_gmt":"2018-06-07T22:46:49","guid":{"rendered":"https:\/\/staging.bestgoldbet.net\/bgbclub\/?page_id=280"},"modified":"2018-06-22T14:53:11","modified_gmt":"2018-06-22T12:53:11","slug":"casino","status":"publish","type":"page","link":"https:\/\/www.hotelgoldclub.eu\/sl\/casino\/","title":{"rendered":"IGRALNICA"},"content":{"rendered":"<p>[vc_row full_width=&#8221;stretch_row&#8221; bg_type=&#8221;image&#8221; bg_image_new=&#8221;472&#8243; bg_image_repeat=&#8221;no-repeat&#8221; parallax_content=&#8221;parallax_content_value&#8221; fadeout_row=&#8221;fadeout_row_value&#8221; enable_overlay=&#8221;enable_overlay_value&#8221; overlay_color=&#8221;#0a0a0a&#8221; overlay_pattern=&#8221;transperant&#8221; overlay_pattern_size=&#8221;0&#8243; multi_color_overlay=&#8221;uvc-multi-color-bg&#8221; multi_color_overlay_opacity=&#8221;40&#8243; ult_hide_row=&#8221;off&#8221;][vc_column]<div class=\"boc_spacing \" style=\"height: 300px\"><\/div><h1 class=\"boc_heading  al_left  boc_subheading boc_animate_when_almost_visible boc_right-to-left\"  style=\"margin-bottom: 20px;margin-top: 0px;color: #ffffff;font-size: 70px;\"><span>IGRALNI SALON <strong><\/span><\/h1><div class=\"boc_spacing \" style=\"height: 200px\"><\/div>[\/vc_column][\/vc_row][vc_row][vc_column width=&#8221;1\/4&#8243;][vc_single_image image=&#8221;489&#8243;][\/vc_column][vc_column width=&#8221;1\/2&#8243;][vc_zigzag]<h1 class=\"boc_heading  al_left  boc_animate_when_almost_visible boc_right-to-left\"  style=\"margin-bottom: 20px;margin-top: 0px;color: #1d90ba;font-size: 36px;\"><span>CASINO GOLD CLUB<strong><\/span><\/h1>[vc_column_text]Odprite vrata sre\u010di in vstopite v svet zabave. Elegantno okolje, prijetno in doma\u010de vzdu\u0161je, bogat razvedrilni program z najnovej\u0161imi igralnimi avtomati najprepoznavnej\u0161ih svetovnih znamk, progresivne nagrade, elektri\u010dne rulete Gold Club, zabavne igre ob dogodkih z visokimi denarnimi nagradami, igralni kuponi in ve\u010deri s predstavami. Casin\u00f2 Castra je odprt ves dan, vse dni v letu, na svojih 170 najbolj za\u017eelenih igralnih mestih pa nudi neverjetno zabavno in spro\u0161\u010deno izku\u0161njo. Sprejeli in razvajali vas bomo z brezpla\u010dnimi pija\u010dami in prigrizki, s \u010dimer si \u017eelimo, da kar najbolje izkoristite vsako minuto v dru\u017ebi boginje Sre\u010de. To so le nekateri razlogi za obisk na\u0161e igralnice. Obi\u0161\u010dite nas in pustite, da vas o\u010daramo s svojo gostoljubnostjo![\/vc_column_text][\/vc_column][vc_column width=&#8221;1\/4&#8243;]<div class=\"boc_spacing \" style=\"height: 30px\"><\/div><div class=\"boc_list_item  \" >\r\n\t\t\t\t\t<span class=\"li_icon large  icon_solid\" style=\"background: #1d90ba;\"><i class=\"icon icon-diamond\" style=\"\"><\/i><\/span>\r\n\t\t\t\t\t<div class=\"boc_list_item_text large\">SLOT MACHINE<\/div>\r\n\t\t\t\t   <\/div><div class=\"boc_spacing \" style=\"height: 10px\"><\/div><div class=\"boc_list_item  \" >\r\n\t\t\t\t\t<span class=\"li_icon large  icon_solid\" style=\"background: #1d90ba;\"><i class=\"icon icon-diamond\" style=\"\"><\/i><\/span>\r\n\t\t\t\t\t<div class=\"boc_list_item_text large\">ROULETTE<\/div>\r\n\t\t\t\t   <\/div><div class=\"boc_spacing \" style=\"height: 10px\"><\/div><div class=\"boc_list_item  \" >\r\n\t\t\t\t\t<span class=\"li_icon large  icon_solid\" style=\"background: #1d90ba;\"><i class=\"icon icon-diamond\" style=\"\"><\/i><\/span>\r\n\t\t\t\t\t<div class=\"boc_list_item_text large\">BLACKJACK<\/div>\r\n\t\t\t\t   <\/div><div class=\"boc_spacing \" style=\"height: 10px\"><\/div><div class=\"boc_list_item  \" >\r\n\t\t\t\t\t<span class=\"li_icon large  icon_solid\" style=\"background: #1d90ba;\"><i class=\"icon icon-diamond\" style=\"\"><\/i><\/span>\r\n\t\t\t\t\t<div class=\"boc_list_item_text large\">BACCARAT<\/div>\r\n\t\t\t\t   <\/div><div class=\"boc_spacing \" style=\"height: 10px\"><\/div><div class=\"boc_list_item  \" >\r\n\t\t\t\t\t<span class=\"li_icon large  icon_solid\" style=\"background: #1d90ba;\"><i class=\"icon icon-diamond\" style=\"\"><\/i><\/span>\r\n\t\t\t\t\t<div class=\"boc_list_item_text large\">BLACKJACK<\/div>\r\n\t\t\t\t   <\/div><div class=\"boc_spacing \" style=\"height: 10px\"><\/div><div class=\"boc_list_item  \" >\r\n\t\t\t\t\t<span class=\"li_icon large  icon_solid\" style=\"background: #1d90ba;\"><i class=\"icon icon-diamond\" style=\"\"><\/i><\/span>\r\n\t\t\t\t\t<div class=\"boc_list_item_text large\">VIDEO POKER<\/div>\r\n\t\t\t\t   <\/div>[\/vc_column][\/vc_row][vc_row][vc_column]<div class=\"boc_divider_holder\"><div class=\"boc_divider  \"  style=\"margin-top: 20px;margin-bottom: 20px;height: 2px;background: #cccccc;\"><i class=\"icon icon-photo\"  style=\"font-size: 20px; line-height: 20px;color: #ffffff;left: 50%; transform: translateY(-50%) translateX(-50%);background-color: #1d90ba;padding: 10px;\"><\/i><\/div><\/div><div class=\"boc_spacing \" style=\"height: 10px\"><\/div>\r\n\t\t\t\t\t<!-- Image Slider -->\r\n\t\t\t\t\t<script type=\"text\/javascript\">\r\n\r\n\t\t\t\t\t\tjQuery(document).ready(function($) {\r\n\t\t\t\t\t\t\t\r\n\t\t\t\t\t\t\t\/\/ Load carousel after its images are loaded\r\n\t\t\t\t\t\t\tpreloadImages($(\"#img_slider_cc7bfb06c3a61ec4167bf9f38f4a408e img\"), function () {\r\n\t\t\t\t\t\t\t\t\r\n\t\t\t\t\t\t\t\tvar carousel = $(\"#img_slider_cc7bfb06c3a61ec4167bf9f38f4a408e\");\r\n\t\t\t\t\t\t\t\t\r\n\t\t\t\t\t\t\t\tvar args = {\r\n\t\t\t\t\t\t\t\t\titems: \t\t\t1,\r\n\t\t\t\t\t\t\t\t\tmouseDrag:\t\ttrue,\r\n\t\t\t\t\t\t\t\t\tautoplay:\t\ttrue,\r\n\t\t\t\t\t\t\t\t\tautoplayTimeout:6000,\r\n\t\t\t\t\t\t\t\t\tnav: \t\t\ttrue,\r\n\t\t\t\t\t\t\t\t\tdots: \t\t\tfalse,\r\n\t\t\t\t\t\t\t\t\tloop: \t\t\ttrue,\r\n\t\t\t\t\t\t\t\t\tautoHeight: \tfalse,\r\n\t\t\t\t\t\t\t\t\tsmartSpeed:\t\t250,\r\n\t\t\t\t\t\t\tnavText:\t\t\t[\"<span class='icon icon-arrow-left8'><\/span>\",\"<span class='icon icon-uniE708'><\/span>\"],\r\n\t\t\t\t\t\t\t\t\tslideBy: \t\t1,\r\n\t\t\t\t\t\t\t\t\tnavRewind: \t\tfalse,\r\n\t\t\t\t\t\t\t\t\trtl: \t\t\tfalse,\r\n\t\t\t\t\t\t\t\t\tonInitialized:  \tshowCarousel_cc7bfb06c3a61ec4167bf9f38f4a408e,\r\n\t\t\t\t\t\t\t\t\t\r\n\t\t\t\t\t\t\t\t};\r\n\t\t\t\t\t\t\t\t\r\n\t\t\t\t\t\t\t\tcarousel.owlCarousel(args);\r\n\r\n\t\t\t\t\t\t\t\tvar initital_width = carousel.css(\"width\");\t\t\r\n\t\t\t\t\t\t\t\t\r\n\t\t\t\t\t\t\t\t\/* Refresh it for full width rows *\/\r\n\t\t\t\t\t\t\t\t$(window).load(function(){\r\n\t\t\t\t\t\t\t\t\tif(carousel.css(\"width\") != initital_width) {\r\n\t\t\t\t\t\t\t\t\t\tcarousel.trigger(\"destroy.owl.carousel\").removeClass(\"owl-carousel owl-loaded\");\r\n\t\t\t\t\t\t\t\t\t\tcarousel.find(\".owl-stage-outer\").children().unwrap();\r\n\t\t\t\t\t\t\t\t\t\tcarousel.owlCarousel(args);\r\n\t\t\t\t\t\t\t\t\t}\r\n\t\t\t\t\t\t\t\t});\r\n\t\t\t\t\t\t\t});\r\n\t\t\t\t\t\t\t\r\n\t\t\t\t\t\t\t\r\n\t\t\t\t\t\t\t\/* Show after initialized *\/\r\n\t\t\t\t\t\t\tfunction showCarousel_cc7bfb06c3a61ec4167bf9f38f4a408e() {\r\n\t\t\t\t\t\t\t\t$(\"#img_slider_cc7bfb06c3a61ec4167bf9f38f4a408e\").fadeTo(0,1);\r\n\t\t\t\t\t\t\t\t$(\"#img_slider_cc7bfb06c3a61ec4167bf9f38f4a408e .owl-item .boc_owl_lazy\").css(\"opacity\",\"1\");\r\n\t\t\t\t\t\t\t}\t\t\t\t\t\t\t\r\n\t\t\t\t\t\t\t\r\n\t\t\t\t\t\t\t\r\n\t\t\t\t\t\t});\r\n\r\n\t\t\t\t\t<\/script>\r\n\t\t\t\t\t<!-- Image Slider :: END --><div class=\"img_slider mfp_gallery \" id=\"img_slider_cc7bfb06c3a61ec4167bf9f38f4a408e\" style=\"opacity:0;\"><div class=\"img_slider_item boc_owl_lazy\"><img src=\"https:\/\/www.hotelgoldclub.eu\/wp-content\/uploads\/2018\/06\/IMG_9746rit.jpg\" alt=\"\" title=\"\"\/><\/div><div class=\"img_slider_item boc_owl_lazy\"><img src=\"https:\/\/www.hotelgoldclub.eu\/wp-content\/uploads\/2018\/06\/IMG_9749rit.jpg\" alt=\"\" title=\"\"\/><\/div><div class=\"img_slider_item boc_owl_lazy\"><img src=\"https:\/\/www.hotelgoldclub.eu\/wp-content\/uploads\/2018\/06\/IMG_9773rit.jpg\" alt=\"\" title=\"\"\/><\/div><div class=\"img_slider_item boc_owl_lazy\"><img src=\"https:\/\/www.hotelgoldclub.eu\/wp-content\/uploads\/2018\/06\/IMG_9786rit.jpg\" alt=\"\" title=\"\"\/><\/div><div class=\"img_slider_item boc_owl_lazy\"><img src=\"https:\/\/www.hotelgoldclub.eu\/wp-content\/uploads\/2018\/06\/IMG_9787rit.jpg\" alt=\"\" title=\"\"\/><\/div><\/div>[\/vc_column][\/vc_row][vc_row][vc_column][vc_column_text][\/vc_column_text][\/vc_column][\/vc_row][vc_row][vc_column][vc_column_text][\/vc_column_text][\/vc_column][\/vc_row][vc_row][vc_column][vc_column_text][\/vc_column_text][\/vc_column][\/vc_row][vc_row][vc_column][vc_column_text]<\/strong><\/strong>[\/vc_column_text][\/vc_column][\/vc_row]<\/p>\n","protected":false},"excerpt":{"rendered":"<p>[vc_row full_width=&#8221;stretch_row&#8221; bg_type=&#8221;image&#8221; bg_image_new=&#8221;472&#8243; bg_image_repeat=&#8221;no-repeat&#8221; parallax_content=&#8221;parallax_content_value&#8221; fadeout_row=&#8221;fadeout_row_value&#8221; enable_overlay=&#8221;enable_overlay_value&#8221; overlay_color=&#8221;#0a0a0a&#8221; overlay_pattern=&#8221;transperant&#8221; overlay_pattern_size=&#8221;0&#8243; multi_color_overlay=&#8221;uvc-multi-color-bg&#8221; multi_color_overlay_opacity=&#8221;40&#8243; ult_hide_row=&#8221;off&#8221;][vc_column][\/vc_column][\/vc_row][vc_row][vc_column width=&#8221;1\/4&#8243;][vc_single_image image=&#8221;489&#8243;][\/vc_column][vc_column width=&#8221;1\/2&#8243;][vc_zigzag][vc_column_text]Odprite vrata sre\u010di in vstopite v svet zabave. Elegantno okolje, prijetno in doma\u010de vzdu\u0161je, bogat razvedrilni program z najnovej\u0161imi igralnimi avtomati najprepoznavnej\u0161ih svetovnih znamk, progresivne nagrade, elektri\u010dne rulete Gold Club, zabavne igre ob dogodkih z visokimi denarnimi nagradami, igralni kuponi in ve\u010deri s predstavami.<\/p>\n<div class=\"h10\"><\/div>\n<p><a class=\"more-link1\" href=\"https:\/\/www.hotelgoldclub.eu\/sl\/casino\/\">Read more<\/a><\/p>\n","protected":false},"author":3,"featured_media":0,"parent":0,"menu_order":0,"comment_status":"closed","ping_status":"closed","template":"","meta":[],"translation":{"provider":"WPGlobus","version":"2.8.11","language":"sl","enabled_languages":["en","sl","it"],"languages":{"en":{"title":true,"content":true,"excerpt":false},"sl":{"title":true,"content":true,"excerpt":false},"it":{"title":true,"content":true,"excerpt":false}}},"_links":{"self":[{"href":"https:\/\/www.hotelgoldclub.eu\/sl\/wp-json\/wp\/v2\/pages\/280"}],"collection":[{"href":"https:\/\/www.hotelgoldclub.eu\/sl\/wp-json\/wp\/v2\/pages"}],"about":[{"href":"https:\/\/www.hotelgoldclub.eu\/sl\/wp-json\/wp\/v2\/types\/page"}],"author":[{"embeddable":true,"href":"https:\/\/www.hotelgoldclub.eu\/sl\/wp-json\/wp\/v2\/users\/3"}],"replies":[{"embeddable":true,"href":"https:\/\/www.hotelgoldclub.eu\/sl\/wp-json\/wp\/v2\/comments?post=280"}],"version-history":[{"count":34,"href":"https:\/\/www.hotelgoldclub.eu\/sl\/wp-json\/wp\/v2\/pages\/280\/revisions"}],"predecessor-version":[{"id":815,"href":"https:\/\/www.hotelgoldclub.eu\/sl\/wp-json\/wp\/v2\/pages\/280\/revisions\/815"}],"wp:attachment":[{"href":"https:\/\/www.hotelgoldclub.eu\/sl\/wp-json\/wp\/v2\/media?parent=280"}],"curies":[{"name":"wp","href":"https:\/\/api.w.org\/{rel}","templated":true}]}}