{"id":283,"date":"2018-06-07T22:47:20","date_gmt":"2018-06-07T22:47:20","guid":{"rendered":"https:\/\/staging.bestgoldbet.net\/bgbclub\/?page_id=283"},"modified":"2018-06-18T15:43:35","modified_gmt":"2018-06-18T13:43:35","slug":"conference-room","status":"publish","type":"page","link":"https:\/\/www.hotelgoldclub.eu\/sl\/conference-room\/","title":{"rendered":"KONFEREN\u010cNA DVORANA"},"content":{"rendered":"<p>[vc_row][vc_column]<div class=\"boc_spacing \" style=\"height: 220px\"><\/div>[\/vc_column][\/vc_row][vc_row][vc_column width=&#8221;1\/2&#8243;]<h2 class=\"boc_heading  al_left  boc_subheading \"  style=\"margin-bottom: 0px;margin-top: 0px;color: #1d90ba;font-size: 30px;\"><span>SEJNA SOBA<strong><\/span><\/h2>[vc_column_text]Poslovna sre\u010danja v visokotehnolo\u0161kem okolju. Rezervirajte na\u0161o konferen\u010dno dvorano primerno za do 60 ljudi in v njej organizirajte predstavitve, sestanke, intervjuje, sre\u010danja s strankami ali izobra\u017eevanja v okviru podjetja. Dvorana je opremljena s projektorjem, interaktivno tablo in vsemi najnovej\u0161imi pripomo\u010dki, s katerimi boste kar najbolje pripravljeni na va\u0161 dogodek. Dvorana se nahaja v prvem nadstropju hotela ter nudi mirno in konstruktivno okolje.<\/strong><\/p>\n<p>Informacije in rezervacije:<br \/>\nTel.: +386 (0)5 36 44 707[\/vc_column_text][vc_zigzag]<div class=\"boc_spacing \" style=\"height: 35px\"><\/div><a\thref=\"http:\/\/beta.hotelgoldclub.eu\/sl\/restaurant\/\" \n\t\t\tclass=\"button btn_large btn_theme_color btn_rounded btn_gradient icon_pos_after  boc_animate_when_almost_visible boc_left-to-right \"  target='_blank'><span>RESTAVRACIJA<\/span> <i class='icon icon-arrow-right4'><\/i> <\/a>[\/vc_column][vc_column width=&#8221;1\/2&#8243;]<div class=\"boc_divider_holder\"><div class=\"boc_divider  \"  style=\"margin-top: 20px;margin-bottom: 20px;height: 2px;background: #cccccc;\"><i class=\"icon icon-photo\"  style=\"font-size: 20px; line-height: 20px;color: #ffffff;left: 50%; transform: translateY(-50%) translateX(-50%);background-color: #1d90ba;padding: 10px;\"><\/i><\/div><\/div><div class=\"boc_spacing \" style=\"height: 10px\"><\/div>\r\n\t\t\t\t\t<!-- Image Slider -->\r\n\t\t\t\t\t<script type=\"text\/javascript\">\r\n\r\n\t\t\t\t\t\tjQuery(document).ready(function($) {\r\n\t\t\t\t\t\t\t\r\n\t\t\t\t\t\t\t\/\/ Load carousel after its images are loaded\r\n\t\t\t\t\t\t\tpreloadImages($(\"#img_slider_592326b07dc470993250d130207ae01c img\"), function () {\r\n\t\t\t\t\t\t\t\t\r\n\t\t\t\t\t\t\t\tvar carousel = $(\"#img_slider_592326b07dc470993250d130207ae01c\");\r\n\t\t\t\t\t\t\t\t\r\n\t\t\t\t\t\t\t\tvar args = {\r\n\t\t\t\t\t\t\t\t\titems: \t\t\t1,\r\n\t\t\t\t\t\t\t\t\tmouseDrag:\t\ttrue,\r\n\t\t\t\t\t\t\t\t\tautoplay:\t\ttrue,\r\n\t\t\t\t\t\t\t\t\tautoplayTimeout:6000,\r\n\t\t\t\t\t\t\t\t\tnav: \t\t\ttrue,\r\n\t\t\t\t\t\t\t\t\tdots: \t\t\tfalse,\r\n\t\t\t\t\t\t\t\t\tloop: \t\t\ttrue,\r\n\t\t\t\t\t\t\t\t\tautoHeight: \tfalse,\r\n\t\t\t\t\t\t\t\t\tsmartSpeed:\t\t250,\r\n\t\t\t\t\t\t\tnavText:\t\t\t[\"<span class='icon icon-arrow-left8'><\/span>\",\"<span class='icon icon-uniE708'><\/span>\"],\r\n\t\t\t\t\t\t\t\t\tslideBy: \t\t1,\r\n\t\t\t\t\t\t\t\t\tnavRewind: \t\tfalse,\r\n\t\t\t\t\t\t\t\t\trtl: \t\t\tfalse,\r\n\t\t\t\t\t\t\t\t\tonInitialized:  \tshowCarousel_592326b07dc470993250d130207ae01c,\r\n\t\t\t\t\t\t\t\t\t\r\n\t\t\t\t\t\t\t\t};\r\n\t\t\t\t\t\t\t\t\r\n\t\t\t\t\t\t\t\tcarousel.owlCarousel(args);\r\n\r\n\t\t\t\t\t\t\t\tvar initital_width = carousel.css(\"width\");\t\t\r\n\t\t\t\t\t\t\t\t\r\n\t\t\t\t\t\t\t\t\/* Refresh it for full width rows *\/\r\n\t\t\t\t\t\t\t\t$(window).load(function(){\r\n\t\t\t\t\t\t\t\t\tif(carousel.css(\"width\") != initital_width) {\r\n\t\t\t\t\t\t\t\t\t\tcarousel.trigger(\"destroy.owl.carousel\").removeClass(\"owl-carousel owl-loaded\");\r\n\t\t\t\t\t\t\t\t\t\tcarousel.find(\".owl-stage-outer\").children().unwrap();\r\n\t\t\t\t\t\t\t\t\t\tcarousel.owlCarousel(args);\r\n\t\t\t\t\t\t\t\t\t}\r\n\t\t\t\t\t\t\t\t});\r\n\t\t\t\t\t\t\t});\r\n\t\t\t\t\t\t\t\r\n\t\t\t\t\t\t\t\r\n\t\t\t\t\t\t\t\/* Show after initialized *\/\r\n\t\t\t\t\t\t\tfunction showCarousel_592326b07dc470993250d130207ae01c() {\r\n\t\t\t\t\t\t\t\t$(\"#img_slider_592326b07dc470993250d130207ae01c\").fadeTo(0,1);\r\n\t\t\t\t\t\t\t\t$(\"#img_slider_592326b07dc470993250d130207ae01c .owl-item .boc_owl_lazy\").css(\"opacity\",\"1\");\r\n\t\t\t\t\t\t\t}\t\t\t\t\t\t\t\r\n\t\t\t\t\t\t\t\r\n\t\t\t\t\t\t\t\r\n\t\t\t\t\t\t});\r\n\r\n\t\t\t\t\t<\/script>\r\n\t\t\t\t\t<!-- Image Slider :: END --><div class=\"img_slider mfp_gallery \" id=\"img_slider_592326b07dc470993250d130207ae01c\" style=\"opacity:0;\"><div class=\"img_slider_item boc_owl_lazy\"><img src=\"https:\/\/www.hotelgoldclub.eu\/wp-content\/uploads\/2018\/06\/IMG_0132rit.jpg\" alt=\"\" title=\"\"\/><\/div><div class=\"img_slider_item boc_owl_lazy\"><img src=\"https:\/\/www.hotelgoldclub.eu\/wp-content\/uploads\/2018\/06\/IMG_0135rit.jpg\" alt=\"\" title=\"\"\/><\/div><div class=\"img_slider_item boc_owl_lazy\"><img src=\"https:\/\/www.hotelgoldclub.eu\/wp-content\/uploads\/2018\/06\/IMG_0131rit.jpg\" alt=\"\" title=\"\"\/><\/div><div class=\"img_slider_item boc_owl_lazy\"><img src=\"https:\/\/www.hotelgoldclub.eu\/wp-content\/uploads\/2018\/06\/IMG_0138rit.jpg\" alt=\"\" title=\"\"\/><\/div><div class=\"img_slider_item boc_owl_lazy\"><img src=\"https:\/\/www.hotelgoldclub.eu\/wp-content\/uploads\/2018\/06\/IMG_0140rit.jpg\" alt=\"\" title=\"\"\/><\/div><div class=\"img_slider_item boc_owl_lazy\"><img src=\"https:\/\/www.hotelgoldclub.eu\/wp-content\/uploads\/2018\/06\/IMG_0139rit.jpg\" alt=\"\" title=\"\"\/><\/div><div class=\"img_slider_item boc_owl_lazy\"><img src=\"https:\/\/www.hotelgoldclub.eu\/wp-content\/uploads\/2018\/06\/IMG_0159rit.jpg\" alt=\"\" title=\"\"\/><\/div><div class=\"img_slider_item boc_owl_lazy\"><img src=\"https:\/\/www.hotelgoldclub.eu\/wp-content\/uploads\/2018\/06\/IMG_0152rit.jpg\" alt=\"\" title=\"\"\/><\/div><\/div>[\/vc_column][\/vc_row][vc_row][vc_column][vc_column_text][\/vc_column_text][\/vc_column][\/vc_row]<\/p>\n","protected":false},"excerpt":{"rendered":"<p>[vc_row][vc_column][\/vc_column][\/vc_row][vc_row][vc_column width=&#8221;1\/2&#8243;][vc_column_text]Poslovna sre\u010danja v visokotehnolo\u0161kem okolju. Rezervirajte na\u0161o konferen\u010dno dvorano primerno za do 60 ljudi in v njej organizirajte predstavitve, sestanke, intervjuje, sre\u010danja s strankami ali izobra\u017eevanja v okviru podjetja. Dvorana je opremljena s projektorjem, interaktivno tablo in vsemi najnovej\u0161imi pripomo\u010dki, s katerimi boste kar najbolje pripravljeni na va\u0161 dogodek. Dvorana se nahaja v prvem nadstropju hotela ter nudi mirno<\/p>\n<div class=\"h10\"><\/div>\n<p><a class=\"more-link1\" href=\"https:\/\/www.hotelgoldclub.eu\/sl\/conference-room\/\">Read more<\/a><\/p>\n","protected":false},"author":3,"featured_media":0,"parent":0,"menu_order":0,"comment_status":"closed","ping_status":"closed","template":"","meta":[],"translation":{"provider":"WPGlobus","version":"2.8.11","language":"sl","enabled_languages":["en","sl","it"],"languages":{"en":{"title":true,"content":true,"excerpt":false},"sl":{"title":true,"content":true,"excerpt":false},"it":{"title":true,"content":true,"excerpt":false}}},"_links":{"self":[{"href":"https:\/\/www.hotelgoldclub.eu\/sl\/wp-json\/wp\/v2\/pages\/283"}],"collection":[{"href":"https:\/\/www.hotelgoldclub.eu\/sl\/wp-json\/wp\/v2\/pages"}],"about":[{"href":"https:\/\/www.hotelgoldclub.eu\/sl\/wp-json\/wp\/v2\/types\/page"}],"author":[{"embeddable":true,"href":"https:\/\/www.hotelgoldclub.eu\/sl\/wp-json\/wp\/v2\/users\/3"}],"replies":[{"embeddable":true,"href":"https:\/\/www.hotelgoldclub.eu\/sl\/wp-json\/wp\/v2\/comments?post=283"}],"version-history":[{"count":13,"href":"https:\/\/www.hotelgoldclub.eu\/sl\/wp-json\/wp\/v2\/pages\/283\/revisions"}],"predecessor-version":[{"id":760,"href":"https:\/\/www.hotelgoldclub.eu\/sl\/wp-json\/wp\/v2\/pages\/283\/revisions\/760"}],"wp:attachment":[{"href":"https:\/\/www.hotelgoldclub.eu\/sl\/wp-json\/wp\/v2\/media?parent=283"}],"curies":[{"name":"wp","href":"https:\/\/api.w.org\/{rel}","templated":true}]}}