{"id":286,"date":"2018-06-07T22:47:47","date_gmt":"2018-06-07T22:47:47","guid":{"rendered":"https:\/\/staging.bestgoldbet.net\/bgbclub\/?page_id=286"},"modified":"2019-01-01T23:45:37","modified_gmt":"2019-01-01T21:45:37","slug":"biotherapy","status":"publish","type":"page","link":"https:\/\/www.hotelgoldclub.eu\/sl\/biotherapy\/","title":{"rendered":"BIOTERAPIJA"},"content":{"rendered":"<p>[vc_row][vc_column]<div class=\"boc_spacing \" style=\"height: 220px\"><\/div>[\/vc_column][\/vc_row][vc_row][vc_column]<h2 class=\"boc_heading  al_left  boc_subheading \"  style=\"margin-bottom: 0px;margin-top: 0px;color: #1d90ba;font-size: 35px;\"><span>BIOTERAPIJA<strong><\/span><\/h2><div class=\"text_box  left_border \"><div class=\"text_box_content \"><h2><\/h2>\r\n\t\t\t\t\t<p>Bioterapijo poznamo tudi z imenom pranoterapija. Gre za zdravljenje s pomo\u010djo vitalne energije, ki je \u017ee dolga leta prepoznana v ve\u010djem delu Evrope. Vitalna energija je energija biolo\u0161kega izvora, ki jo proizvajajo roke bioterapevta oz. osebe, ki je z njo \u0161e posebej obdarjena. Bioterapija je dodatna terapija, ki ne nadomesti tradicionalne medicine, temve\u010d skupaj z njo prepre\u010duje in zdravi \u0161tevilne bolezni. Bioterapevt s svojimi rokami bolezen zazna in zdravi bioenergetske motnje, pri \u010demer se bolniki nemudoma po\u010dutijo bolje. V na\u0161em Hotelu Gold Club deluje bioterapevtka Tanja Bedina Frece, imetnica licence bioterapevtke po metodi Zdenka Doman\u010di\u0107a, priznanega slovenskega strokovnjaka na podro\u010dju bioterapije. Skupinska terapija se odvija po naro\u010dilu in ob vnaprej dolo\u010denih urah, \u0161tiridnevne seanse pa trajajo od ponedeljka do \u010detrtka.<\/strong><\/p>\n<p>Informacije in rezervacije:<br \/>\nBioterapevtka\u00a0Tanja Bedina Frece<br \/>\nTel.: +386 (0)31 208 463<br \/>\ne-po\u0161ta: tanja@bioterapija-bedina.si<\/p>\r\n\t\t\t\t<\/div><\/div>[vc_zigzag][\/vc_column][\/vc_row][vc_row][vc_column][vc_column_text][\/vc_column_text][\/vc_column][\/vc_row]<\/p>\n","protected":false},"excerpt":{"rendered":"<p>[vc_row][vc_column][\/vc_column][\/vc_row][vc_row][vc_column][vc_zigzag][\/vc_column][\/vc_row][vc_row][vc_column][vc_column_text][\/vc_column_text][\/vc_column][\/vc_row]<\/p>\n","protected":false},"author":3,"featured_media":0,"parent":0,"menu_order":0,"comment_status":"closed","ping_status":"closed","template":"","meta":[],"translation":{"provider":"WPGlobus","version":"2.8.11","language":"sl","enabled_languages":["en","sl","it"],"languages":{"en":{"title":true,"content":true,"excerpt":false},"sl":{"title":true,"content":true,"excerpt":false},"it":{"title":true,"content":true,"excerpt":false}}},"_links":{"self":[{"href":"https:\/\/www.hotelgoldclub.eu\/sl\/wp-json\/wp\/v2\/pages\/286"}],"collection":[{"href":"https:\/\/www.hotelgoldclub.eu\/sl\/wp-json\/wp\/v2\/pages"}],"about":[{"href":"https:\/\/www.hotelgoldclub.eu\/sl\/wp-json\/wp\/v2\/types\/page"}],"author":[{"embeddable":true,"href":"https:\/\/www.hotelgoldclub.eu\/sl\/wp-json\/wp\/v2\/users\/3"}],"replies":[{"embeddable":true,"href":"https:\/\/www.hotelgoldclub.eu\/sl\/wp-json\/wp\/v2\/comments?post=286"}],"version-history":[{"count":22,"href":"https:\/\/www.hotelgoldclub.eu\/sl\/wp-json\/wp\/v2\/pages\/286\/revisions"}],"predecessor-version":[{"id":1548,"href":"https:\/\/www.hotelgoldclub.eu\/sl\/wp-json\/wp\/v2\/pages\/286\/revisions\/1548"}],"wp:attachment":[{"href":"https:\/\/www.hotelgoldclub.eu\/sl\/wp-json\/wp\/v2\/media?parent=286"}],"curies":[{"name":"wp","href":"https:\/\/api.w.org\/{rel}","templated":true}]}}